{"id":3779,"date":"2022-01-25T10:31:29","date_gmt":"2022-01-25T10:31:29","guid":{"rendered":"https:\/\/g3ds.com\/linhadeonda\/quem-somos\/"},"modified":"2023-12-05T14:05:02","modified_gmt":"2023-12-05T14:05:02","slug":"quem-somos","status":"publish","type":"page","link":"https:\/\/linhadeonda.pt\/pt-pt\/quem-somos\/","title":{"rendered":"Quem somos"},"content":{"rendered":"<p>[vc_row content_width=&#8221;grid&#8221; css=&#8221;.vc_custom_1625923365409{background: #104150 url(https:\/\/linhadeonda.pt\/wp-content\/uploads\/2021\/07\/who1.png?id=3146) !important;background-position: center !important;background-repeat: no-repeat !important;background-size: contain !important;}&#8221; el_class=&#8221;bg-image-right&#8221;][vc_column width=&#8221;1\/2&#8243; css=&#8221;.vc_custom_1624021442237{background-position: 0 0 !important;background-repeat: no-repeat !important;}&#8221;][\/vc_column][vc_column width=&#8221;1\/2&#8243;][vc_empty_space height=&#8221;120px&#8221; el_class=&#8221;mobile-off&#8221;][vc_column_text]<\/p>\n<h1 style=\"color: #edbd21; text-align: left;\">Vamos abrir uma escola!<\/h1>\n<p>[\/vc_column_text][vc_column_text]<\/p>\n<h3 style=\"color: #ffffff; text-align: left;\">J\u00e1 somos praticantes deste desporto h\u00e1 muito tempo. A nossa miss\u00e3o \u00e9 ajudar os outros a alcan\u00e7ar os objetivos e por essa raz\u00e3o&#8230; Vamos abrir uma escola!<\/h3>\n<p>[\/vc_column_text][vc_empty_space height=&#8221;150px&#8221;][\/vc_column][\/vc_row][vc_row content_width=&#8221;grid&#8221; css=&#8221;.vc_custom_1625923799835{background: #ecbd20 url(https:\/\/linhadeonda.pt\/wp-content\/uploads\/2021\/07\/who2.png?id=3145) !important;background-position: center !important;background-repeat: no-repeat !important;background-size: contain !important;}&#8221; el_class=&#8221;bg-image-right&#8221;][vc_column width=&#8221;1\/2&#8243;][vc_empty_space height=&#8221;120px&#8221; el_class=&#8221;mobile-off&#8221;][vc_column_text]<\/p>\n<h1 style=\"color: #104150; text-align: left; line-height: 40px;\">Campe\u00e3o Mundial de Bodyboard<\/h1>\n<p>[\/vc_column_text][vc_column_text]<\/p>\n<h3 style=\"color: #104150; text-align: left; padding-top: 15px;\">Manuel Centeno (Co-Fundador da Linha de Onda).<\/h3>\n<p>[\/vc_column_text][vc_empty_space height=&#8221;150px&#8221;][\/vc_column][vc_column width=&#8221;1\/2&#8243; css=&#8221;.vc_custom_1624021442237{background-position: 0 0 !important;background-repeat: no-repeat !important;}&#8221;][\/vc_column][\/vc_row][vc_row content_width=&#8221;grid&#8221; css=&#8221;.vc_custom_1625924446663{background: #104150 url(https:\/\/linhadeonda.pt\/wp-content\/uploads\/2021\/07\/who3.png?id=3144) !important;background-position: center !important;background-repeat: no-repeat !important;background-size: contain !important;}&#8221; el_class=&#8221;bg-image-right&#8221;][vc_column width=&#8221;1\/2&#8243; css=&#8221;.vc_custom_1624021442237{background-position: 0 0 !important;background-repeat: no-repeat !important;}&#8221;][\/vc_column][vc_column width=&#8221;1\/2&#8243;][vc_empty_space height=&#8221;80px&#8221; el_class=&#8221;mobile-off&#8221;][vc_column_text]<\/p>\n<h1 style=\"color: #edbd21; text-align: left;\">Como tudo come\u00e7ou<\/h1>\n<p>[\/vc_column_text][vc_column_text]<\/p>\n<h3 style=\"color: #ffffff; text-align: left;\">Mantendo o conceito do que \u00e9 ser um bodyboarder, tra\u00e7amos etapas para chegar l\u00e1, perfis de personalidade dos nossos atletas, objectivos individuais anuais, assim como acompanhar todas as etapas que os iniciados deveriam percorrer.<\/h3>\n<p>[\/vc_column_text][vc_empty_space height=&#8221;100px&#8221;][\/vc_column][\/vc_row][vc_row content_width=&#8221;grid&#8221; css=&#8221;.vc_custom_1625924886164{background: #ecbd20 url(https:\/\/linhadeonda.pt\/wp-content\/uploads\/2021\/07\/who4.png?id=3143) !important;background-position: center !important;background-repeat: no-repeat !important;background-size: contain !important;}&#8221; el_class=&#8221;bg-image-right&#8221;][vc_column width=&#8221;1\/2&#8243;][vc_empty_space height=&#8221;120px&#8221; el_class=&#8221;mobile-off&#8221;][vc_column_text]<\/p>\n<h1 style=\"color: #104150; text-align: left; line-height: 40px;\">E adivinhem? Come\u00e7amos a vencer as finais!<\/h1>\n<p>[\/vc_column_text][vc_column_text]<\/p>\n<h3 style=\"color: #104150; text-align: left; padding-top: 15px;\">Ta\u00e7a de Portugal em 2008, 1\u00ba grande t\u00edtulo ganho pela Linha de Onda na modalidade de bodyboard absoluto.<\/h3>\n<p>[\/vc_column_text][vc_empty_space height=&#8221;150px&#8221;][\/vc_column][vc_column width=&#8221;1\/2&#8243; css=&#8221;.vc_custom_1624021442237{background-position: 0 0 !important;background-repeat: no-repeat !important;}&#8221;][\/vc_column][\/vc_row][vc_row content_width=&#8221;grid&#8221; css=&#8221;.vc_custom_1701785099951{background: #104150 url(https:\/\/linhadeonda.pt\/wp-content\/uploads\/2023\/12\/Imagem-WhatsApp-2023-12-05-as-12.44.17_b4985924.jpg?id=4179) !important;background-position: 0 0 !important;background-repeat: no-repeat !important;}&#8221; el_class=&#8221;bg-image-right&#8221;][vc_column width=&#8221;1\/2&#8243; css=&#8221;.vc_custom_1624021442237{background-position: 0 0 !important;background-repeat: no-repeat !important;}&#8221;][\/vc_column][vc_column width=&#8221;1\/2&#8243;][vc_empty_space height=&#8221;110px&#8221; el_class=&#8221;mobile-off&#8221;][vc_column_text]<\/p>\n<h1 style=\"color: #edbd21; text-align: left;\">Al\u00e9m da competi\u00e7\u00e3o<\/h1>\n<p>[\/vc_column_text][vc_column_text]<\/p>\n<h3 style=\"color: #ffffff; text-align: left;\">As pessoas come\u00e7aram a procurar-nos para experimentar, tanto bodyboard como surf, ent\u00e3o tivemos que fazer crescer a nossa equipa. De forma a responder aos pedidos de aulas de inicia\u00e7\u00e3o, tivemos que recorrer ao nosso grupo de atletas.<\/h3>\n<p>[\/vc_column_text][vc_empty_space height=&#8221;130px&#8221;][\/vc_column][\/vc_row][vc_row content_width=&#8221;grid&#8221; css=&#8221;.vc_custom_1625699634969{background-color: #ffffff !important;}&#8221; el_class=&#8221;bg-image-right&#8221;][vc_column width=&#8221;1\/2&#8243; css=&#8221;.vc_custom_1624024998049{margin-left: -50px !important;background-position: 0 0 !important;background-repeat: no-repeat !important;}&#8221;][vc_empty_space height=&#8221;95px&#8221;][vc_single_image image=&#8221;3692&#8243; img_size=&#8221;full&#8221; alignment=&#8221;center&#8221;][\/vc_column][vc_column width=&#8221;1\/2&#8243;][vc_empty_space height=&#8221;60px&#8221;][vc_column_text]<\/p>\n<h1 style=\"line-height: 40px;\">As nossas pessoas. A nossa equipa.<\/h1>\n<p>[\/vc_column_text][vc_column_text]<\/p>\n<h3 style=\"color: #104150 !important; padding-top: 15px;\">Somos surfistas, somos licenciados em desporto e at\u00e9 temos um campe\u00e3o do mundo de bodyboard (2x!) na equipa&#8230; Mas, aquilo de que nos orgulhamos mesmo, \u00e9 da amizade e boa onda que nos une. \u00c9 isso que nos distingue. Acima de tudo, vais sair do mar a sorrir!<\/h3>\n<p>[\/vc_column_text][vc_empty_space]<a href=\"https:\/\/linhadeonda.pt\/pt-pt\/os-professores\/\" target=\"_self\" style=\"color: #007f87;border-color: #007f87\" class=\"qodef-btn qodef-btn-small qodef-btn-outline qodef-btn-custom-hover-bg qodef-btn-custom-border-hover qodef-btn-custom-hover-color\" data-hover-bg-color=\"#007f87\" data-hover-color=\"#edbd21\" data-hover-border-color=\"#007f87\" >\n    <span class=\"qodef-btn-text\">Conhece os professores<\/span>\n    <\/a>[vc_empty_space height=&#8221;70px&#8221;][\/vc_column][\/vc_row][vc_row content_width=&#8221;grid&#8221; css=&#8221;.vc_custom_1633884083536{background-color: #007f87 !important;background-position: center !important;background-repeat: no-repeat !important;background-size: contain !important;}&#8221; el_class=&#8221;bg-image-right&#8221;][vc_column width=&#8221;1\/2&#8243;][vc_empty_space height=&#8221;50px&#8221;][vc_column_text]<\/p>\n<h1 style=\"color: #edbd21; line-height: 40px;\">Recebe as \u00faltimas not\u00edcias!<\/h1>\n<p>[\/vc_column_text][vc_column_text]<\/p>\n<h3 style=\"color: #ffffff; padding-top: 15px;\">Subscreve a nossa newsletter e fica a par de tudo o que se passa na Linha de Onda&#8230;<\/h3>\n<p>[\/vc_column_text][vc_empty_space height=&#8221;15px&#8221;]<div class=\"wpforms-container wpforms-container-full\" id=\"wpforms-2979\"><form id=\"wpforms-form-2979\" class=\"wpforms-validate wpforms-form\" data-formid=\"2979\" method=\"post\" enctype=\"multipart\/form-data\" action=\"\/pt-pt\/wp-json\/wp\/v2\/pages\/3779\" data-token=\"d2cc4b4343c6d9efdaeb0cd36adaaa0c\"><noscript class=\"wpforms-error-noscript\">Please enable JavaScript in your browser to complete this form.<\/noscript><div class=\"wpforms-field-container\"><div id=\"wpforms-2979-field_0-container\" class=\"wpforms-field wpforms-field-name\" data-field-id=\"0\"><div class=\"wpforms-field-row wpforms-field-medium\"><div class=\"wpforms-field-row-block wpforms-first wpforms-one-half\"><input type=\"text\" id=\"wpforms-2979-field_0\" class=\"wpforms-field-name-first wpforms-field-required\" name=\"wpforms[fields][0][first]\" placeholder=\"Name\" required><label for=\"wpforms-2979-field_0\" class=\"wpforms-field-sublabel after wpforms-sublabel-hide\">First<\/label><\/div><div class=\"wpforms-field-row-block wpforms-one-half\"><input type=\"text\" id=\"wpforms-2979-field_0-last\" class=\"wpforms-field-name-last wpforms-field-required\" name=\"wpforms[fields][0][last]\" placeholder=\"Last Name\" required><label for=\"wpforms-2979-field_0-last\" class=\"wpforms-field-sublabel after wpforms-sublabel-hide\">Last<\/label><\/div><\/div><\/div><div id=\"wpforms-2979-field_1-container\" class=\"wpforms-field wpforms-field-email\" data-field-id=\"1\"><label class=\"wpforms-field-label wpforms-label-hide\" for=\"wpforms-2979-field_1\">Email <span class=\"wpforms-required-label\">*<\/span><\/label><input type=\"email\" id=\"wpforms-2979-field_1\" class=\"wpforms-field-medium wpforms-field-required\" name=\"wpforms[fields][1]\" placeholder=\"Email\" spellcheck=\"false\" required><\/div><\/div><!-- .wpforms-field-container --><div class=\"wpforms-recaptcha-container wpforms-is-hcaptcha\" ><div class=\"g-recaptcha\" data-sitekey=\"3805a53a-bb03-416f-a1f8-52272aeb5324\"><\/div><input type=\"text\" name=\"g-recaptcha-hidden\" class=\"wpforms-recaptcha-hidden\" style=\"position:absolute!important;clip:rect(0,0,0,0)!important;height:1px!important;width:1px!important;border:0!important;overflow:hidden!important;padding:0!important;margin:0!important;\" data-rule-hcaptcha=\"1\"><\/div><div class=\"wpforms-submit-container\" ><input type=\"hidden\" name=\"wpforms[id]\" value=\"2979\"><input type=\"hidden\" name=\"wpforms[author]\" value=\"1\"><button type=\"submit\" name=\"wpforms[submit]\" id=\"wpforms-submit-2979\" class=\"wpforms-submit\" data-alt-text=\"Sending...\" data-submit-text=\"Subscribe\" aria-live=\"assertive\" value=\"wpforms-submit\">Subscribe<\/button><\/div><\/form><\/div>  <!-- .wpforms-container -->[vc_empty_space height=&#8221;50px&#8221;][\/vc_column][vc_column width=&#8221;1\/2&#8243; css=&#8221;.vc_custom_1624021442237{background-position: 0 0 !important;background-repeat: no-repeat !important;}&#8221;][vc_empty_space height=&#8221;35px&#8221;][vc_gallery type=&#8221;nivo&#8221; interval=&#8221;3&#8243; images=&#8221;3752,3753,3754,3755&#8243; img_size=&#8221;full&#8221; onclick=&#8221;&#8221;][\/vc_column][\/vc_row]<\/p>\n","protected":false},"excerpt":{"rendered":"<p>[vc_row content_width=&#8221;grid&#8221; css=&#8221;.vc_custom_1625923365409{background: #104150 url(https:\/\/linhadeonda.pt\/wp-content\/uploads\/2021\/07\/who1.png?id=3146) !important;background-position: center !important;background-repeat: no-repeat !important;background-size: contain !important;}&#8221; el_class=&#8221;bg-image-right&#8221;][vc_column width=&#8221;1\/2&#8243; css=&#8221;.vc_custom_1624021442237{background-position: 0 0 !important;background-repeat: no-repeat !important;}&#8221;][\/vc_column][vc_column width=&#8221;1\/2&#8243;][vc_empty_space height=&#8221;120px&#8221; el_class=&#8221;mobile-off&#8221;][vc_column_text] Vamos abrir uma escola! [\/vc_column_text][vc_column_text] J\u00e1 somos praticantes deste desporto h\u00e1 muito tempo. A nossa miss\u00e3o \u00e9 ajudar os outros a alcan\u00e7ar&#8230;<\/p>\n","protected":false},"author":1,"featured_media":0,"parent":0,"menu_order":0,"comment_status":"closed","ping_status":"closed","template":"full-width.php","meta":{"om_disable_all_campaigns":false,"footnotes":""},"class_list":["post-3779","page","type-page","status-publish","hentry"],"_links":{"self":[{"href":"https:\/\/linhadeonda.pt\/pt-pt\/wp-json\/wp\/v2\/pages\/3779","targetHints":{"allow":["GET"]}}],"collection":[{"href":"https:\/\/linhadeonda.pt\/pt-pt\/wp-json\/wp\/v2\/pages"}],"about":[{"href":"https:\/\/linhadeonda.pt\/pt-pt\/wp-json\/wp\/v2\/types\/page"}],"author":[{"embeddable":true,"href":"https:\/\/linhadeonda.pt\/pt-pt\/wp-json\/wp\/v2\/users\/1"}],"replies":[{"embeddable":true,"href":"https:\/\/linhadeonda.pt\/pt-pt\/wp-json\/wp\/v2\/comments?post=3779"}],"version-history":[{"count":20,"href":"https:\/\/linhadeonda.pt\/pt-pt\/wp-json\/wp\/v2\/pages\/3779\/revisions"}],"predecessor-version":[{"id":4193,"href":"https:\/\/linhadeonda.pt\/pt-pt\/wp-json\/wp\/v2\/pages\/3779\/revisions\/4193"}],"wp:attachment":[{"href":"https:\/\/linhadeonda.pt\/pt-pt\/wp-json\/wp\/v2\/media?parent=3779"}],"curies":[{"name":"wp","href":"https:\/\/api.w.org\/{rel}","templated":true}]}}