{"id":3789,"date":"2022-01-25T12:04:30","date_gmt":"2022-01-25T12:04:30","guid":{"rendered":"https:\/\/g3ds.com\/linhadeonda\/performance\/"},"modified":"2026-01-11T16:52:27","modified_gmt":"2026-01-11T16:52:27","slug":"performance","status":"publish","type":"page","link":"https:\/\/linhadeonda.pt\/pt-pt\/performance\/","title":{"rendered":"Performance"},"content":{"rendered":"<p>[vc_row content_width=&#8221;grid&#8221; css=&#8221;.vc_custom_1643647023250{background: #007f87 url(https:\/\/linhadeonda.pt\/wp-content\/uploads\/2022\/01\/performance.png?id=4024) !important;background-position: center !important;background-repeat: no-repeat !important;background-size: contain !important;}&#8221; el_class=&#8221;bg-image-right&#8221;][vc_column width=&#8221;1\/2&#8243;][vc_empty_space height=&#8221;25px&#8221;][vc_column_text]<\/p>\n<h1 style=\"line-height: 40px; color: #edbd21;\">Evolu\u00e7\u00e3o e Competi\u00e7\u00e3o<\/h1>\n<p>[\/vc_column_text][vc_column_text]<\/p>\n<h3 style=\"color: #ffffff; padding-top: 15px;\">Com base na nossa experi\u00eancia, entendimento do conceito de surf\/bodyboard e forma\u00e7\u00e3o desportiva, sabemos que um bom surfista e bodyboarder deve ter uma rela\u00e7\u00e3o equilibrada entre estas tr\u00eas vertentes. Por isso, desenvolvemos perfis de personalidade de cada atleta, assim como objectivos anuais individuais, atrav\u00e9s de um programa de exerc\u00edcios que incidem precisamente na vertente que cada atleta necessita.<\/h3>\n<p>[\/vc_column_text][vc_empty_space]<a href=\"#\" target=\"_self\" style=\"color: #edbd21;border-color: #edbd21\" class=\"qodef-btn qodef-btn-small qodef-btn-outline qodef-btn-custom-hover-bg qodef-btn-custom-border-hover qodef-btn-custom-hover-color\" data-hover-bg-color=\"#edbd21\" data-hover-color=\"#104150\" data-hover-border-color=\"#edbd21\" >\n    <span class=\"qodef-btn-text\">Contacta-nos.<\/span>\n    <\/a>[vc_empty_space height=&#8221;50px&#8221;][\/vc_column][vc_column width=&#8221;1\/2&#8243; css=&#8221;.vc_custom_1624021442237{background-position: 0 0 !important;background-repeat: no-repeat !important;}&#8221;][\/vc_column][\/vc_row][vc_row content_width=&#8221;grid&#8221; css=&#8221;.vc_custom_1625702936734{background-color: #ecbd20 !important;}&#8221; el_id=&#8221;sup&#8221;][vc_column width=&#8221;2\/3&#8243;][vc_empty_space height=&#8221;60px&#8221;][vc_column_text]<\/p>\n<h1 style=\"line-height: 40px;\">O nosso processo \u00e9 baseado em evolu\u00e7\u00e3o<\/h1>\n<p>[\/vc_column_text][vc_column_text]<\/p>\n<h3 style=\"color: #104150 !important; padding-top: 15px;\">Com a evolu\u00e7\u00e3o da escola, sentimos a necessidade de detalhar e sistematizar os nossos conceitos. Desenvolvemos, ent\u00e3o, o nosso Quadro T\u00e9cnico, dividido por cores, onde enquadramos os nossos atletas.<\/h3>\n<p>[\/vc_column_text][\/vc_column][vc_column width=&#8221;1\/3&#8243;][\/vc_column][\/vc_row][vc_row content_width=&#8221;grid&#8221; css=&#8221;.vc_custom_1625702936734{background-color: #ecbd20 !important;}&#8221;][vc_column width=&#8221;1\/3&#8243;][vc_empty_space]<div class=\"qodef-accordion-holder clearfix qodef-toggle qodef-boxed light \">\n\t<h3 class=\"clearfix qodef-title-holder\">\n\t<span class=\"qodef-accordion-mark qodef-left-mark\">\n\t\t<span class=\"qodef-accordion-mark-icon\">\n\t\t\t<i class=\"fa fa-minus\"><\/i>\n\t\t\t<i class=\"fa fa-plus\"><\/i>\n\t\t<\/span>\n\t<\/span>\n\t<span class=\"qodef-tab-title\">\n\t\t<span class=\"qodef-tab-title-inner\">\n\t\t\tBeginner 1\t\t<\/span>\n\t<\/span>\n<\/h3>\n<div class=\"qodef-accordion-content\">\n\t<div class=\"qodef-accordion-content-inner\">\n\t\t[vc_column_text]<\/p>\n<h3 style=\"color: #104150 !important;\">Capacidades<\/h3>\n<h4 style=\"color: #104150 !important;\">&#8211; Apanhar espumas num ambiente supervisionado com condi\u00e7\u00f5es de mar de dificuldade f\u00e1cil.<br \/>\n&#8211; Manter o equil\u00edbrio e deslizar em linha reta em dire\u00e7\u00e3o \u00e0 areia.<br \/>\n&#8211; Transportar e cuidar do material de forma correta.<\/h4>\n<p>[\/vc_column_text][vc_empty_space height=&#8221;20px&#8221;]\t<\/div>\n<\/div>\n<h3 class=\"clearfix qodef-title-holder\">\n\t<span class=\"qodef-accordion-mark qodef-left-mark\">\n\t\t<span class=\"qodef-accordion-mark-icon\">\n\t\t\t<i class=\"fa fa-minus\"><\/i>\n\t\t\t<i class=\"fa fa-plus\"><\/i>\n\t\t<\/span>\n\t<\/span>\n\t<span class=\"qodef-tab-title\">\n\t\t<span class=\"qodef-tab-title-inner\">\n\t\t\tBeginner 2\t\t<\/span>\n\t<\/span>\n<\/h3>\n<div class=\"qodef-accordion-content\">\n\t<div class=\"qodef-accordion-content-inner\">\n\t\t[vc_column_text]<\/p>\n<h3 style=\"color: #104150 !important;\">Capacidades<\/h3>\n<h4 style=\"color: #104150 !important;\">&#8211; Identifica\u00e7\u00e3o de zona de rebenta\u00e7\u00e3o e canal.<br \/>\n&#8211; Melhorar posicionamento na prancha e remada.<br \/>\n&#8211; Apanhar espumas de forma consistente e virar para a esquerda e direita.<br \/>\n&#8211; Primeiro contacto a surfar a parede da onda.<br \/>\n&#8211; Introdu\u00e7\u00e3o a regras de prioridade e de seguran\u00e7a.<\/h4>\n<p>[\/vc_column_text][vc_empty_space height=&#8221;20px&#8221;]\t<\/div>\n<\/div>\n<\/div>[vc_empty_space height=&#8221;60px&#8221; el_class=&#8221;mobile-off&#8221;][\/vc_column][vc_column width=&#8221;1\/3&#8243;][vc_empty_space]<div class=\"qodef-accordion-holder clearfix qodef-toggle qodef-boxed light \">\n\t<h3 class=\"clearfix qodef-title-holder\">\n\t<span class=\"qodef-accordion-mark qodef-left-mark\">\n\t\t<span class=\"qodef-accordion-mark-icon\">\n\t\t\t<i class=\"fa fa-minus\"><\/i>\n\t\t\t<i class=\"fa fa-plus\"><\/i>\n\t\t<\/span>\n\t<\/span>\n\t<span class=\"qodef-tab-title\">\n\t\t<span class=\"qodef-tab-title-inner\">\n\t\t\tIntermediate 1\t\t<\/span>\n\t<\/span>\n<\/h3>\n<div class=\"qodef-accordion-content\">\n\t<div class=\"qodef-accordion-content-inner\">\n\t\t[vc_column_text]<\/p>\n<h3 style=\"color: #104150 !important;\">Capacidades<\/h3>\n<h4 style=\"color: #104150 !important;\">&#8211; Remar para o outside sem apoio em condi\u00e7\u00f5es de mar de dificuldade f\u00e1cil.<br \/>\n&#8211; Apanhar ondas de uma forma aut\u00f3noma em condi\u00e7\u00f5es de mar de dificuldade f\u00e1cil.<br \/>\n&#8211; Consolida\u00e7\u00e3o do deslize na parede da onda<br \/>\n&#8211; Inicia\u00e7\u00e3o de trimming e de manobras.<br \/>\n&#8211; Respeita regras de prioridades e de seguran\u00e7a durante a surfada.<\/h4>\n<p>[\/vc_column_text][vc_empty_space height=&#8221;20px&#8221;]\t<\/div>\n<\/div>\n<h3 class=\"clearfix qodef-title-holder\">\n\t<span class=\"qodef-accordion-mark qodef-left-mark\">\n\t\t<span class=\"qodef-accordion-mark-icon\">\n\t\t\t<i class=\"fa fa-minus\"><\/i>\n\t\t\t<i class=\"fa fa-plus\"><\/i>\n\t\t<\/span>\n\t<\/span>\n\t<span class=\"qodef-tab-title\">\n\t\t<span class=\"qodef-tab-title-inner\">\n\t\t\tIntermediate 2\t\t<\/span>\n\t<\/span>\n<\/h3>\n<div class=\"qodef-accordion-content\">\n\t<div class=\"qodef-accordion-content-inner\">\n\t\t[vc_column_text]<\/p>\n<h3 style=\"color: #104150 !important;\">Capacidades<\/h3>\n<h4 style=\"color: #104150 !important;\">&#8211; Remar para o outside sem apoio em condi\u00e7\u00f5es de mar de dificuldade f\u00e1cil a m\u00e9dia.<br \/>\n&#8211; Apanhar ondas de forma aut\u00f3noma em condi\u00e7\u00f5es de mar de dificuldade f\u00e1cil a m\u00e9dia.<br \/>\n&#8211; Manobras b\u00e1sicas consolidadas.<br \/>\n&#8211; Introdu\u00e7\u00e3o a manobras progressivas.<br \/>\n&#8211; Sele\u00e7\u00e3o de ondas adequadas ao n\u00edvel.<\/h4>\n<p>[\/vc_column_text][vc_empty_space height=&#8221;20px&#8221;]\t<\/div>\n<\/div>\n<\/div>[vc_empty_space height=&#8221;60px&#8221; el_class=&#8221;mobile-off&#8221;][\/vc_column][vc_column width=&#8221;1\/3&#8243;][vc_empty_space]<div class=\"qodef-accordion-holder clearfix qodef-toggle qodef-boxed light \">\n\t<h3 class=\"clearfix qodef-title-holder\">\n\t<span class=\"qodef-accordion-mark qodef-left-mark\">\n\t\t<span class=\"qodef-accordion-mark-icon\">\n\t\t\t<i class=\"fa fa-minus\"><\/i>\n\t\t\t<i class=\"fa fa-plus\"><\/i>\n\t\t<\/span>\n\t<\/span>\n\t<span class=\"qodef-tab-title\">\n\t\t<span class=\"qodef-tab-title-inner\">\n\t\t\tAdvanced 1\t\t<\/span>\n\t<\/span>\n<\/h3>\n<div class=\"qodef-accordion-content\">\n\t<div class=\"qodef-accordion-content-inner\">\n\t\t[vc_column_text]<\/p>\n<h3 style=\"color: #104150 !important;\">Capacidades<\/h3>\n<h4 style=\"color: #104150 !important;\">&#8211; Apanhar ondas de forma aut\u00f3noma em condi\u00e7\u00f5es de mar de dificuldade m\u00e9dia a alta.<br \/>\n&#8211; Execu\u00e7\u00e3o de manobras na parte cr\u00edtica da onda.<br \/>\n&#8211; Introdu\u00e7\u00e3o aos conceitos de Fluidez, Power e Diversidade.<br \/>\n&#8211; Consolida\u00e7\u00e3o de manobras progressivas.<\/h4>\n<p>[\/vc_column_text][vc_empty_space height=&#8221;20px&#8221;]\t<\/div>\n<\/div>\n<h3 class=\"clearfix qodef-title-holder\">\n\t<span class=\"qodef-accordion-mark qodef-left-mark\">\n\t\t<span class=\"qodef-accordion-mark-icon\">\n\t\t\t<i class=\"fa fa-minus\"><\/i>\n\t\t\t<i class=\"fa fa-plus\"><\/i>\n\t\t<\/span>\n\t<\/span>\n\t<span class=\"qodef-tab-title\">\n\t\t<span class=\"qodef-tab-title-inner\">\n\t\t\tAdvanced 2\t\t<\/span>\n\t<\/span>\n<\/h3>\n<div class=\"qodef-accordion-content\">\n\t<div class=\"qodef-accordion-content-inner\">\n\t\t[vc_column_text]<\/p>\n<h3 style=\"color: #104150 !important;\">Capacidades<\/h3>\n<h4 style=\"color: #104150 !important;\">&#8211; Apanhar ondas de forma aut\u00f3noma em condi\u00e7\u00f5es de mar de dificuldade alta.<br \/>\n&#8211; Dom\u00ednio dos conceitos de Fluidez, Power e Diversidade no surf.<br \/>\n&#8211; Dom\u00ednio de manobras progressivas.<br \/>\n&#8211; Dom\u00ednio de gest\u00e3o de heats.<\/h4>\n<p>[\/vc_column_text][vc_empty_space height=&#8221;20px&#8221;]\t<\/div>\n<\/div>\n<\/div>[vc_empty_space height=&#8221;60px&#8221;][\/vc_column][\/vc_row][vc_row content_width=&#8221;grid&#8221; css=&#8221;.vc_custom_1625699634969{background-color: #ffffff !important;}&#8221; el_class=&#8221;bg-image-right&#8221;][vc_column width=&#8221;1\/2&#8243; css=&#8221;.vc_custom_1624024998049{margin-left: -50px !important;background-position: 0 0 !important;background-repeat: no-repeat !important;}&#8221;][vc_empty_space height=&#8221;95px&#8221;][vc_single_image image=&#8221;3692&#8243; img_size=&#8221;full&#8221; alignment=&#8221;center&#8221;][\/vc_column][vc_column width=&#8221;1\/2&#8243;][vc_empty_space height=&#8221;60px&#8221;][vc_column_text]<\/p>\n<h1 style=\"line-height: 40px;\">As nossas pessoas. A nossa equipa.<\/h1>\n<p>[\/vc_column_text][vc_column_text]<\/p>\n<h3 style=\"color: #104150 !important; padding-top: 15px;\">Somos surfistas, somos licenciados em desporto e at\u00e9 temos um campe\u00e3o do mundo de bodyboard (2x!) na equipa&#8230; Mas, aquilo de que nos orgulhamos mesmo, \u00e9 da amizade e boa onda que nos une. \u00c9 isso que nos distingue. Acima de tudo, vais sair do mar a sorrir!<\/h3>\n<p>[\/vc_column_text][vc_empty_space]<a href=\"https:\/\/linhadeonda.pt\/pt-pt\/os-professores\/\" target=\"_self\" style=\"color: #007f87;border-color: #007f87\" class=\"qodef-btn qodef-btn-small qodef-btn-outline qodef-btn-custom-hover-bg qodef-btn-custom-border-hover qodef-btn-custom-hover-color\" data-hover-bg-color=\"#007f87\" data-hover-color=\"#edbd21\" data-hover-border-color=\"#007f87\" >\n    <span class=\"qodef-btn-text\">Conhece os professores<\/span>\n    <\/a>[vc_empty_space height=&#8221;70px&#8221;][\/vc_column][\/vc_row][vc_row content_width=&#8221;grid&#8221; css=&#8221;.vc_custom_1635082640950{background-color: #007f87 !important;}&#8221; el_id=&#8221;examples&#8221;][vc_column][vc_empty_space height=&#8221;60px&#8221;][vc_column_text]<\/p>\n<h1 style=\"text-align: center; color: #ecbd20 !important; line-height: 40px;\">Alguns exemplos incr\u00edveis<\/h1>\n<p>[\/vc_column_text][vc_empty_space][\/vc_column][\/vc_row][vc_row css=&#8221;.vc_custom_1635082651182{padding-right: 5% !important;padding-left: 5% !important;background-color: #007f87 !important;}&#8221;][vc_column width=&#8221;1\/2&#8243;][vc_row_inner][vc_column_inner width=&#8221;1\/2&#8243;][vc_single_image image=&#8221;3706&#8243; img_size=&#8221;full&#8221;][\/vc_column_inner][vc_column_inner el_class=&#8221;blog-1&#8243; width=&#8221;1\/2&#8243;][vc_column_text]<\/p>\n<p style=\"color: #ffffff; text-align: left;\"><strong>12 Agosto 2020<\/strong><\/p>\n<p>[\/vc_column_text][vc_column_text]<\/p>\n<h3 class=\"lessons\" style=\"text-align: left; color: #ecbd20 !important;\">SUMMER CAMP 2020<br \/>\nLINHA DE ONDA &#8211; Surfing School<\/h3>\n<p>[\/vc_column_text][vc_column_text]<\/p>\n<p style=\"color: #ffffff; text-align: left;\"><strong>Powered by: DEEPLY<\/strong><\/p>\n<p>[\/vc_column_text][vc_empty_space height=&#8221;25px&#8221;]<a href=\"https:\/\/linhadeonda.pt\/2020\/08\/12\/summer-camp-2020\/\" target=\"_self\" style=\"color: #ecbd20;border-color: #ecbd20\" class=\"qodef-btn qodef-btn-small qodef-btn-outline qodef-btn-custom-hover-bg qodef-btn-custom-border-hover qodef-btn-custom-hover-color\" data-hover-bg-color=\"#ecbd20\" data-hover-color=\"#104150\" data-hover-border-color=\"#ecbd20\" >\n    <span class=\"qodef-btn-text\">Ver mais<\/span>\n    <\/a>[\/vc_column_inner][\/vc_row_inner][\/vc_column][vc_column width=&#8221;1\/2&#8243;][vc_row_inner][vc_column_inner width=&#8221;1\/2&#8243;][vc_single_image image=&#8221;3707&#8243; img_size=&#8221;full&#8221;][\/vc_column_inner][vc_column_inner el_class=&#8221;blog-2&#8243; width=&#8221;1\/2&#8243;][vc_column_text]<\/p>\n<p style=\"color: #ffffff; text-align: left;\"><strong>13 Fevereiro 2020<\/strong><\/p>\n<p>[\/vc_column_text][vc_column_text]<\/p>\n<h3 class=\"lessons\" style=\"text-align: left; color: #ecbd20 !important;\">Campos de<br \/>\nF\u00e9rias Carnaval<br \/>\n2020<\/h3>\n<p>[\/vc_column_text][vc_empty_space height=&#8221;25px&#8221;]<a href=\"https:\/\/linhadeonda.pt\/2020\/02\/13\/campos-de-ferias-carnaval-2020\/\" target=\"_self\" style=\"color: #ecbd20;border-color: #ecbd20\" class=\"qodef-btn qodef-btn-small qodef-btn-outline qodef-btn-custom-hover-bg qodef-btn-custom-border-hover qodef-btn-custom-hover-color\" data-hover-bg-color=\"#ecbd20\" data-hover-color=\"#104150\" data-hover-border-color=\"#ecbd20\" >\n    <span class=\"qodef-btn-text\">Ver mais<\/span>\n    <\/a>[\/vc_column_inner][\/vc_row_inner][\/vc_column][\/vc_row][vc_row content_width=&#8221;grid&#8221; css=&#8221;.vc_custom_1635082662642{background-color: #007f87 !important;}&#8221;][vc_column][vc_empty_space height=&#8221;60px&#8221;][\/vc_column][\/vc_row][vc_row content_width=&#8221;grid&#8221; css=&#8221;.vc_custom_1635082902756{background-color: #edbd21 !important;background-position: center !important;background-repeat: no-repeat !important;background-size: contain !important;}&#8221; el_class=&#8221;bg-image-right&#8221;][vc_column width=&#8221;1\/2&#8243;][vc_empty_space height=&#8221;50px&#8221;][vc_column_text]<\/p>\n<h1 style=\"color: #104150; line-height: 40px;\">Recebe as \u00faltimas not\u00edcias!<\/h1>\n<p>[\/vc_column_text][vc_column_text]<\/p>\n<h3 style=\"color: #104150; padding-top: 15px;\">Subscreve a nossa newsletter e fica a par de tudo o que se passa na Linha de Onda&#8230;<\/h3>\n<p>[\/vc_column_text][vc_empty_space height=&#8221;15px&#8221;]<div class=\"wpforms-container wpforms-container-full\" id=\"wpforms-2979\"><form id=\"wpforms-form-2979\" class=\"wpforms-validate wpforms-form\" data-formid=\"2979\" method=\"post\" enctype=\"multipart\/form-data\" action=\"\/pt-pt\/wp-json\/wp\/v2\/pages\/3789\" data-token=\"c35dd97823411f6c1d19e5e3a0d15b71\"><noscript class=\"wpforms-error-noscript\">Please enable JavaScript in your browser to complete this form.<\/noscript><div class=\"wpforms-field-container\"><div id=\"wpforms-2979-field_0-container\" class=\"wpforms-field wpforms-field-name\" data-field-id=\"0\"><div class=\"wpforms-field-row wpforms-field-medium\"><div class=\"wpforms-field-row-block wpforms-first wpforms-one-half\"><input type=\"text\" id=\"wpforms-2979-field_0\" class=\"wpforms-field-name-first wpforms-field-required\" name=\"wpforms[fields][0][first]\" placeholder=\"Name\" required><label for=\"wpforms-2979-field_0\" class=\"wpforms-field-sublabel after wpforms-sublabel-hide\">First<\/label><\/div><div class=\"wpforms-field-row-block wpforms-one-half\"><input type=\"text\" id=\"wpforms-2979-field_0-last\" class=\"wpforms-field-name-last wpforms-field-required\" name=\"wpforms[fields][0][last]\" placeholder=\"Last Name\" required><label for=\"wpforms-2979-field_0-last\" class=\"wpforms-field-sublabel after wpforms-sublabel-hide\">Last<\/label><\/div><\/div><\/div><div id=\"wpforms-2979-field_1-container\" class=\"wpforms-field wpforms-field-email\" data-field-id=\"1\"><label class=\"wpforms-field-label wpforms-label-hide\" for=\"wpforms-2979-field_1\">Email <span class=\"wpforms-required-label\">*<\/span><\/label><input type=\"email\" id=\"wpforms-2979-field_1\" class=\"wpforms-field-medium wpforms-field-required\" name=\"wpforms[fields][1]\" placeholder=\"Email\" spellcheck=\"false\" required><\/div><\/div><!-- .wpforms-field-container --><div class=\"wpforms-recaptcha-container wpforms-is-hcaptcha\" ><div class=\"g-recaptcha\" data-sitekey=\"3805a53a-bb03-416f-a1f8-52272aeb5324\"><\/div><input type=\"text\" name=\"g-recaptcha-hidden\" class=\"wpforms-recaptcha-hidden\" style=\"position:absolute!important;clip:rect(0,0,0,0)!important;height:1px!important;width:1px!important;border:0!important;overflow:hidden!important;padding:0!important;margin:0!important;\" data-rule-hcaptcha=\"1\"><\/div><div class=\"wpforms-submit-container\" ><input type=\"hidden\" name=\"wpforms[id]\" value=\"2979\"><input type=\"hidden\" name=\"wpforms[author]\" value=\"1\"><button type=\"submit\" name=\"wpforms[submit]\" id=\"wpforms-submit-2979\" class=\"wpforms-submit\" data-alt-text=\"Sending...\" data-submit-text=\"Subscribe\" aria-live=\"assertive\" value=\"wpforms-submit\">Subscribe<\/button><\/div><\/form><\/div>  <!-- .wpforms-container -->[vc_empty_space height=&#8221;50px&#8221;][\/vc_column][vc_column width=&#8221;1\/2&#8243; css=&#8221;.vc_custom_1624021442237{background-position: 0 0 !important;background-repeat: no-repeat !important;}&#8221;][vc_empty_space height=&#8221;35px&#8221;][vc_gallery type=&#8221;nivo&#8221; interval=&#8221;3&#8243; images=&#8221;3752,3753,3754,3755&#8243; img_size=&#8221;full&#8221; onclick=&#8221;&#8221;][\/vc_column][\/vc_row]<\/p>\n","protected":false},"excerpt":{"rendered":"<p>[vc_row content_width=&#8221;grid&#8221; css=&#8221;.vc_custom_1643647023250{background: #007f87 url(https:\/\/linhadeonda.pt\/wp-content\/uploads\/2022\/01\/performance.png?id=4024) !important;background-position: center !important;background-repeat: no-repeat !important;background-size: contain !important;}&#8221; el_class=&#8221;bg-image-right&#8221;][vc_column width=&#8221;1\/2&#8243;][vc_empty_space height=&#8221;25px&#8221;][vc_column_text] Evolu\u00e7\u00e3o e Competi\u00e7\u00e3o [\/vc_column_text][vc_column_text] Com base na nossa experi\u00eancia, entendimento do conceito de surf\/bodyboard e forma\u00e7\u00e3o desportiva, sabemos que um bom surfista e bodyboarder deve ter uma rela\u00e7\u00e3o equilibrada entre&#8230;<\/p>\n","protected":false},"author":1,"featured_media":0,"parent":0,"menu_order":0,"comment_status":"closed","ping_status":"closed","template":"full-width.php","meta":{"om_disable_all_campaigns":false,"footnotes":""},"class_list":["post-3789","page","type-page","status-publish","hentry"],"_links":{"self":[{"href":"https:\/\/linhadeonda.pt\/pt-pt\/wp-json\/wp\/v2\/pages\/3789","targetHints":{"allow":["GET"]}}],"collection":[{"href":"https:\/\/linhadeonda.pt\/pt-pt\/wp-json\/wp\/v2\/pages"}],"about":[{"href":"https:\/\/linhadeonda.pt\/pt-pt\/wp-json\/wp\/v2\/types\/page"}],"author":[{"embeddable":true,"href":"https:\/\/linhadeonda.pt\/pt-pt\/wp-json\/wp\/v2\/users\/1"}],"replies":[{"embeddable":true,"href":"https:\/\/linhadeonda.pt\/pt-pt\/wp-json\/wp\/v2\/comments?post=3789"}],"version-history":[{"count":24,"href":"https:\/\/linhadeonda.pt\/pt-pt\/wp-json\/wp\/v2\/pages\/3789\/revisions"}],"predecessor-version":[{"id":3794,"href":"https:\/\/linhadeonda.pt\/pt-pt\/wp-json\/wp\/v2\/pages\/3789\/revisions\/3794"}],"wp:attachment":[{"href":"https:\/\/linhadeonda.pt\/pt-pt\/wp-json\/wp\/v2\/media?parent=3789"}],"curies":[{"name":"wp","href":"https:\/\/api.w.org\/{rel}","templated":true}]}}