{"id":3798,"date":"2022-01-25T12:40:28","date_gmt":"2022-01-25T12:40:28","guid":{"rendered":"https:\/\/g3ds.com\/linhadeonda\/summer-camps\/"},"modified":"2025-05-13T17:00:24","modified_gmt":"2025-05-13T17:00:24","slug":"summer-camps","status":"publish","type":"page","link":"https:\/\/linhadeonda.pt\/pt-pt\/summer-camps\/","title":{"rendered":"Summer Camps"},"content":{"rendered":"<p>[vc_row content_width=&#8221;grid&#8221; el_id=&#8221;justforyou&#8221;][vc_column][vc_empty_space height=&#8221;60px&#8221; el_class=&#8221;mobile-off&#8221;][vc_row_inner content_aligment=&#8221;center&#8221;][vc_column_inner el_class=&#8221;colunas-fill&#8221; width=&#8221;1\/6&#8243; css=&#8221;.vc_custom_1625701576598{border-radius: 25px !important;}&#8221;][\/vc_column_inner][vc_column_inner el_class=&#8221;colunas-fill&#8221; width=&#8221;2\/6&#8243; css=&#8221;.vc_custom_1625417911063{background-color: #ecbd20 !important;border-radius: 25px !important;}&#8221;][vc_column_text]<\/p>\n<h3 class=\"lessons\" style=\"text-align: center;\">Semana, dias completos<\/h3>\n<p>[\/vc_column_text][vc_empty_space height=&#8221;25px&#8221;][vc_column_text css=&#8221;.vc_custom_1652457379261{padding-right: 20px !important;padding-left: 20px !important;}&#8221;]<\/p>\n<p style=\"color: #ffffff; text-align: center;\"><strong>Ao longo dos anos fomos descobrindo a magia dos campos de f\u00e9rias. Junta-te a n\u00f3s nesta maravilhosa aventura<\/strong><\/p>\n<p>[\/vc_column_text][vc_empty_space height=&#8221;25px&#8221;][vc_column_text]<\/p>\n<h2 class=\"lessons\" style=\"text-align: center;\">170\u20ac<\/h2>\n<p>[\/vc_column_text][vc_column_text]<\/p>\n<p style=\"color: #ffffff; text-align: center; font-size: 12px;\"><strong>*almo\u00e7o semanal acresce valor 50\u20ac<\/strong><\/p>\n<p>[\/vc_column_text][vc_empty_space height=&#8221;25px&#8221;]<a href=\"https:\/\/forms.gle\/iz34MRVxLJqrLUuP7\" target=\"_self\" style=\"color: #104150;border-color: #104150\" class=\"qodef-btn qodef-btn-medium qodef-btn-outline qodef-btn-custom-hover-bg qodef-btn-custom-border-hover qodef-btn-custom-hover-color\" data-hover-bg-color=\"#104150\" data-hover-color=\"#ecbd20\" data-hover-border-color=\"#104150\" >\n    <span class=\"qodef-btn-text\">Mais Info<\/span>\n    <\/a>[vc_empty_space height=&#8221;25px&#8221;][\/vc_column_inner][vc_column_inner el_class=&#8221;colunas-fill&#8221; width=&#8221;2\/6&#8243; css=&#8221;.vc_custom_1625417915683{background-color: #ecbd20 !important;border-radius: 25px !important;}&#8221;][vc_column_text]<\/p>\n<h3 class=\"lessons\" style=\"text-align: center;\">Semana, meios dias<\/h3>\n<p>[\/vc_column_text][vc_empty_space height=&#8221;25px&#8221;][vc_column_text css=&#8221;.vc_custom_1652529036500{padding-right: 20px !important;padding-left: 20px !important;}&#8221;]<\/p>\n<p style=\"color: #ffffff; text-align: center;\"><strong>N\u00e3o percas esta oportunidade de surfar e fazer amigos, vai ser o melhor ver\u00e3o da tua vida<\/strong><\/p>\n<p>[\/vc_column_text][vc_empty_space height=&#8221;25px&#8221;][vc_column_text]<\/p>\n<h2 class=\"lessons\" style=\"text-align: center;\">110\u20ac<\/h2>\n<p>[\/vc_column_text][vc_column_text]<\/p>\n<p style=\"color: #ffffff; text-align: center; font-size: 12px;\"><strong>*almo\u00e7o semanal acresce valor 50\u20ac<\/strong><\/p>\n<p>[\/vc_column_text][vc_empty_space height=&#8221;25px&#8221;]<a href=\"https:\/\/forms.gle\/iz34MRVxLJqrLUuP7\" target=\"_self\" style=\"color: #104150;border-color: #104150\" class=\"qodef-btn qodef-btn-medium qodef-btn-outline qodef-btn-custom-hover-bg qodef-btn-custom-border-hover qodef-btn-custom-hover-color\" data-hover-bg-color=\"#104150\" data-hover-color=\"#ecbd20\" data-hover-border-color=\"#104150\" >\n    <span class=\"qodef-btn-text\">Mais Info<\/span>\n    <\/a>[vc_empty_space height=&#8221;25px&#8221;][\/vc_column_inner][vc_column_inner width=&#8221;1\/6&#8243;][\/vc_column_inner][\/vc_row_inner][vc_empty_space height=&#8221;80px&#8221;][\/vc_column][\/vc_row][vc_row content_width=&#8221;grid&#8221; css=&#8221;.vc_custom_1625702936734{background-color: #ecbd20 !important;}&#8221; el_id=&#8221;sup&#8221;][vc_column][vc_empty_space height=&#8221;60px&#8221;][\/vc_column][\/vc_row][vc_row content_width=&#8221;grid&#8221; css=&#8221;.vc_custom_1625702556416{background-color: #ecbd20 !important;}&#8221;][vc_column width=&#8221;1\/2&#8243;][vc_column_text]<\/p>\n<h1 style=\"text-align: left; color: #104150;\">Semana, dias completos<\/h1>\n<p>[\/vc_column_text][vc_row_inner][vc_column_inner width=&#8221;3\/5&#8243;][vc_column_text]<\/p>\n<h3 style=\"font-size: 30px; color: #ffffff; text-align: left;\">Queremos que seja perfeito para ti, v\u00ea o que est\u00e1 inclu\u00eddo.<\/h3>\n<p>[\/vc_column_text][\/vc_column_inner][vc_column_inner width=&#8221;2\/5&#8243;][vc_single_image image=&#8221;3711&#8243; img_size=&#8221;100&#215;100&#8243; css_animation=&#8221;bounceInLeft&#8221;][\/vc_column_inner][\/vc_row_inner][\/vc_column][vc_column width=&#8221;1\/2&#8243;][vc_empty_space height=&#8221;20px&#8221;][vc_column_text]<\/p>\n<h3 style=\"color: #104150; text-align: left;\">&#8211; Bodyboard e Surf (2 aulas\/dia)<br \/>\n&#8211; Skate<br \/>\n&#8211; Sup (Mar e Rio)<br \/>\n&#8211; Atividades ambientais (Vida dos Oceanos)<\/h3>\n<h3 style=\"color: #104150; text-align: left;\">&#8211; Escalada<br \/>\n&#8211; Atividades outdoor<br \/>\n&#8211; Muitas surpresas<\/h3>\n<p>[\/vc_column_text][vc_empty_space height=&#8221;20px&#8221;]<a href=\"https:\/\/docs.google.com\/forms\/d\/e\/1FAIpQLScCtzNFbMNeV-0DCxnYDH5NgIBKS1-5xR9ABQg91vgLRL0eMg\/viewform?vc=0&#038;c=0&#038;w=1&#038;flr=0\" target=\"_self\" style=\"color: #104150;border-color: #104150\" class=\"qodef-btn qodef-btn-medium qodef-btn-outline qodef-btn-custom-hover-bg qodef-btn-custom-border-hover qodef-btn-custom-hover-color\" data-hover-bg-color=\"#104150\" data-hover-color=\"#ecbd20\" data-hover-border-color=\"#104150\" >\n    <span class=\"qodef-btn-text\">Inscreve-te J\u00e1!<\/span>\n    <\/a>[\/vc_column][\/vc_row][vc_row content_width=&#8221;grid&#8221; css=&#8221;.vc_custom_1625702547669{background-color: #ecbd20 !important;}&#8221;][vc_column][vc_empty_space height=&#8221;80px&#8221;][\/vc_column][\/vc_row][vc_row content_width=&#8221;grid&#8221; css=&#8221;.vc_custom_1625702948728{background-color: #104150 !important;}&#8221; el_id=&#8221;supcamp&#8221;][vc_column][vc_empty_space height=&#8221;60px&#8221;][\/vc_column][\/vc_row][vc_row content_width=&#8221;grid&#8221; css=&#8221;.vc_custom_1625692785595{background-color: #104150 !important;}&#8221;][vc_column width=&#8221;1\/2&#8243;][vc_column_text]<\/p>\n<h1 style=\"text-align: left; color: #ecbd20;\">Semana, meios dias<\/h1>\n<p>[\/vc_column_text][vc_row_inner][vc_column_inner width=&#8221;3\/5&#8243;][vc_column_text]<\/p>\n<h3 style=\"font-size: 30px; color: #ffffff; text-align: left;\">Queremos que seja perfeito para ti, v\u00ea o que est\u00e1 inclu\u00eddo.<\/h3>\n<p>[\/vc_column_text][\/vc_column_inner][vc_column_inner width=&#8221;2\/5&#8243;][vc_single_image image=&#8221;3711&#8243; img_size=&#8221;100&#215;100&#8243; css_animation=&#8221;bounceInLeft&#8221;][\/vc_column_inner][\/vc_row_inner][\/vc_column][vc_column width=&#8221;1\/2&#8243;][vc_empty_space height=&#8221;20px&#8221;][vc_column_text]<\/p>\n<h3 style=\"color: #ecbd20; text-align: left;\">&#8211; Bodyboard e Surf (1 aula)<br \/>\n&#8211; Skate<br \/>\n&#8211; Atividades ambientais (Vida dos Oceanos)<\/h3>\n<h3 style=\"color: #ecbd20; text-align: left;\">&#8211; Escalada<br \/>\n&#8211; Atividades outdoor<br \/>\n&#8211; Muitas surpresas<\/h3>\n<p>[\/vc_column_text][vc_empty_space height=&#8221;20px&#8221;]<a href=\"https:\/\/docs.google.com\/forms\/d\/e\/1FAIpQLScCtzNFbMNeV-0DCxnYDH5NgIBKS1-5xR9ABQg91vgLRL0eMg\/viewform?vc=0&#038;c=0&#038;w=1&#038;flr=0\" target=\"_self\" style=\"color: #ecbd20;border-color: #ecbd20\" class=\"qodef-btn qodef-btn-medium qodef-btn-outline qodef-btn-custom-hover-bg qodef-btn-custom-border-hover qodef-btn-custom-hover-color\" data-hover-bg-color=\"#ecbd20\" data-hover-color=\"#104150\" data-hover-border-color=\"#ecbd20\" >\n    <span class=\"qodef-btn-text\">Inscreve-te J\u00e1!<\/span>\n    <\/a>[\/vc_column][\/vc_row][vc_row content_width=&#8221;grid&#8221; css=&#8221;.vc_custom_1625692624956{background-color: #104150 !important;}&#8221;][vc_column][vc_empty_space height=&#8221;80px&#8221;][\/vc_column][\/vc_row][vc_row content_width=&#8221;grid&#8221; el_id=&#8221;forfriends&#8221; css=&#8221;.vc_custom_1625699654201{background-color: #ecbd20 !important;}&#8221;][vc_column][vc_empty_space height=&#8221;60px&#8221;][vc_column_text]<\/p>\n<h1 style=\"text-align: left;\">V\u00eddeos<\/h1>\n<p>[\/vc_column_text][vc_row_inner content_width=&#8221;grid&#8221; content_aligment=&#8221;center&#8221;][vc_column_inner width=&#8221;1\/2&#8243;][vc_empty_space height=&#8221;30px&#8221;][vc_video link=&#8221;https:\/\/vimeo.com\/594757844&#8243;][vc_empty_space height=&#8221;30px&#8221;][vc_video link=&#8221;https:\/\/vimeo.com\/594748152&#8243;][vc_empty_space height=&#8221;30px&#8221;][\/vc_column_inner][vc_column_inner width=&#8221;1\/2&#8243;][vc_empty_space height=&#8221;30px&#8221;][vc_video link=&#8221;https:\/\/vimeo.com\/594818776&#8243;][vc_empty_space height=&#8221;30px&#8221;][vc_video link=&#8221;https:\/\/vimeo.com\/594739908&#8243;][vc_empty_space height=&#8221;30px&#8221;][\/vc_column_inner][\/vc_row_inner][vc_empty_space height=&#8221;30px&#8221;][\/vc_column][\/vc_row][vc_row content_width=&#8221;grid&#8221; css=&#8221;.vc_custom_1625699634969{background-color: #ffffff !important;}&#8221; el_class=&#8221;bg-image-right&#8221;][vc_column width=&#8221;1\/2&#8243; css=&#8221;.vc_custom_1624024998049{margin-left: -50px !important;background-position: 0 0 !important;background-repeat: no-repeat !important;}&#8221;][vc_empty_space height=&#8221;95px&#8221;][vc_single_image image=&#8221;3692&#8243; img_size=&#8221;full&#8221; alignment=&#8221;center&#8221;][\/vc_column][vc_column width=&#8221;1\/2&#8243;][vc_empty_space height=&#8221;60px&#8221;][vc_column_text]<\/p>\n<h1>As nossas pessoas. A nossa equipa.<\/h1>\n<p>[\/vc_column_text][vc_column_text]<\/p>\n<h3 style=\"color: #104150 !important;\">Somos surfistas, somos licenciados em desporto e at\u00e9 temos um campe\u00e3o do mundo de bodyboard (2x!) na equipa&#8230; Mas, aquilo de que nos orgulhamos mesmo, \u00e9 da amizade e boa onda que nos une. \u00c9 isso que nos distingue. Acima de tudo, vais sair do mar a sorrir!<\/h3>\n<p>[\/vc_column_text][vc_empty_space]<a href=\"https:\/\/linhadeonda.pt\/pt-pt\/os-professores\/\" target=\"_self\" style=\"color: #104150;border-color: #104150\" class=\"qodef-btn qodef-btn-small qodef-btn-outline qodef-btn-custom-hover-bg qodef-btn-custom-border-hover qodef-btn-custom-hover-color\" data-hover-bg-color=\"#104150\" data-hover-color=\"#edbd21\" data-hover-border-color=\"#104150\" >\n    <span class=\"qodef-btn-text\">Conhece os professores<\/span>\n    <\/a>[vc_empty_space height=&#8221;70px&#8221;][\/vc_column][\/vc_row][vc_row content_width=&#8221;grid&#8221; css=&#8221;.vc_custom_1633884083536{background-color: #007f87 !important;background-position: center !important;background-repeat: no-repeat !important;background-size: contain !important;}&#8221; el_class=&#8221;bg-image-right&#8221;][vc_column width=&#8221;1\/2&#8243;][vc_empty_space height=&#8221;50px&#8221;][vc_column_text]<\/p>\n<h1 style=\"color: #edbd21;\">Recebe as \u00faltimas not\u00edcias!<\/h1>\n<p>[\/vc_column_text][vc_column_text]<\/p>\n<h3 style=\"color: #ffffff;\">Subscreve a nossa newsletter e fica a par de tudo o que se passa na Linha de Onda&#8230;<\/h3>\n<p>[\/vc_column_text][vc_empty_space height=&#8221;15px&#8221;]<div class=\"wpforms-container wpforms-container-full\" id=\"wpforms-2979\"><form id=\"wpforms-form-2979\" class=\"wpforms-validate wpforms-form\" data-formid=\"2979\" method=\"post\" enctype=\"multipart\/form-data\" action=\"\/pt-pt\/wp-json\/wp\/v2\/pages\/3798\" data-token=\"c35dd97823411f6c1d19e5e3a0d15b71\"><noscript class=\"wpforms-error-noscript\">Please enable JavaScript in your browser to complete this form.<\/noscript><div class=\"wpforms-field-container\"><div id=\"wpforms-2979-field_0-container\" class=\"wpforms-field wpforms-field-name\" data-field-id=\"0\"><div class=\"wpforms-field-row wpforms-field-medium\"><div class=\"wpforms-field-row-block wpforms-first wpforms-one-half\"><input type=\"text\" id=\"wpforms-2979-field_0\" class=\"wpforms-field-name-first wpforms-field-required\" name=\"wpforms[fields][0][first]\" placeholder=\"Name\" required><label for=\"wpforms-2979-field_0\" class=\"wpforms-field-sublabel after wpforms-sublabel-hide\">First<\/label><\/div><div class=\"wpforms-field-row-block wpforms-one-half\"><input type=\"text\" id=\"wpforms-2979-field_0-last\" class=\"wpforms-field-name-last wpforms-field-required\" name=\"wpforms[fields][0][last]\" placeholder=\"Last Name\" required><label for=\"wpforms-2979-field_0-last\" class=\"wpforms-field-sublabel after wpforms-sublabel-hide\">Last<\/label><\/div><\/div><\/div><div id=\"wpforms-2979-field_1-container\" class=\"wpforms-field wpforms-field-email\" data-field-id=\"1\"><label class=\"wpforms-field-label wpforms-label-hide\" for=\"wpforms-2979-field_1\">Email <span class=\"wpforms-required-label\">*<\/span><\/label><input type=\"email\" id=\"wpforms-2979-field_1\" class=\"wpforms-field-medium wpforms-field-required\" name=\"wpforms[fields][1]\" placeholder=\"Email\" spellcheck=\"false\" required><\/div><\/div><!-- .wpforms-field-container --><div class=\"wpforms-recaptcha-container wpforms-is-hcaptcha\" ><div class=\"g-recaptcha\" data-sitekey=\"3805a53a-bb03-416f-a1f8-52272aeb5324\"><\/div><input type=\"text\" name=\"g-recaptcha-hidden\" class=\"wpforms-recaptcha-hidden\" style=\"position:absolute!important;clip:rect(0,0,0,0)!important;height:1px!important;width:1px!important;border:0!important;overflow:hidden!important;padding:0!important;margin:0!important;\" data-rule-hcaptcha=\"1\"><\/div><div class=\"wpforms-submit-container\" ><input type=\"hidden\" name=\"wpforms[id]\" value=\"2979\"><input type=\"hidden\" name=\"wpforms[author]\" value=\"1\"><button type=\"submit\" name=\"wpforms[submit]\" id=\"wpforms-submit-2979\" class=\"wpforms-submit\" data-alt-text=\"Sending...\" data-submit-text=\"Subscribe\" aria-live=\"assertive\" value=\"wpforms-submit\">Subscribe<\/button><\/div><\/form><\/div>  <!-- .wpforms-container -->[vc_empty_space height=&#8221;50px&#8221; el_class=&#8221;mobile-off&#8221;][\/vc_column][vc_column width=&#8221;1\/2&#8243; css=&#8221;.vc_custom_1624021442237{background-position: 0 0 !important;background-repeat: no-repeat !important;}&#8221;][vc_empty_space height=&#8221;35px&#8221;][vc_gallery type=&#8221;nivo&#8221; interval=&#8221;3&#8243; images=&#8221;3752,3753,3754,3755&#8243; img_size=&#8221;full&#8221; onclick=&#8221;&#8221;][\/vc_column][\/vc_row]<\/p>\n","protected":false},"excerpt":{"rendered":"<p>[vc_row content_width=&#8221;grid&#8221; el_id=&#8221;justforyou&#8221;][vc_column][vc_empty_space height=&#8221;60px&#8221; el_class=&#8221;mobile-off&#8221;][vc_row_inner content_aligment=&#8221;center&#8221;][vc_column_inner el_class=&#8221;colunas-fill&#8221; width=&#8221;1\/6&#8243; css=&#8221;.vc_custom_1625701576598{border-radius: 25px !important;}&#8221;][\/vc_column_inner][vc_column_inner el_class=&#8221;colunas-fill&#8221; width=&#8221;2\/6&#8243; css=&#8221;.vc_custom_1625417911063{background-color: #ecbd20 !important;border-radius: 25px !important;}&#8221;][vc_column_text] Semana, dias completos [\/vc_column_text][vc_empty_space height=&#8221;25px&#8221;][vc_column_text css=&#8221;.vc_custom_1652457379261{padding-right: 20px !important;padding-left: 20px !important;}&#8221;] Ao longo dos anos fomos descobrindo a magia dos campos de f\u00e9rias. Junta-te a n\u00f3s nesta maravilhosa&#8230;<\/p>\n","protected":false},"author":1,"featured_media":0,"parent":0,"menu_order":0,"comment_status":"closed","ping_status":"closed","template":"full-width.php","meta":{"om_disable_all_campaigns":false,"footnotes":""},"class_list":["post-3798","page","type-page","status-publish","hentry"],"_links":{"self":[{"href":"https:\/\/linhadeonda.pt\/pt-pt\/wp-json\/wp\/v2\/pages\/3798","targetHints":{"allow":["GET"]}}],"collection":[{"href":"https:\/\/linhadeonda.pt\/pt-pt\/wp-json\/wp\/v2\/pages"}],"about":[{"href":"https:\/\/linhadeonda.pt\/pt-pt\/wp-json\/wp\/v2\/types\/page"}],"author":[{"embeddable":true,"href":"https:\/\/linhadeonda.pt\/pt-pt\/wp-json\/wp\/v2\/users\/1"}],"replies":[{"embeddable":true,"href":"https:\/\/linhadeonda.pt\/pt-pt\/wp-json\/wp\/v2\/comments?post=3798"}],"version-history":[{"count":23,"href":"https:\/\/linhadeonda.pt\/pt-pt\/wp-json\/wp\/v2\/pages\/3798\/revisions"}],"predecessor-version":[{"id":4221,"href":"https:\/\/linhadeonda.pt\/pt-pt\/wp-json\/wp\/v2\/pages\/3798\/revisions\/4221"}],"wp:attachment":[{"href":"https:\/\/linhadeonda.pt\/pt-pt\/wp-json\/wp\/v2\/media?parent=3798"}],"curies":[{"name":"wp","href":"https:\/\/api.w.org\/{rel}","templated":true}]}}