{"id":3809,"date":"2022-01-25T14:06:32","date_gmt":"2022-01-25T14:06:32","guid":{"rendered":"https:\/\/g3ds.com\/linhadeonda\/aulas\/"},"modified":"2026-01-11T21:56:19","modified_gmt":"2026-01-11T21:56:19","slug":"aulas","status":"publish","type":"page","link":"https:\/\/linhadeonda.pt\/pt-pt\/aulas\/","title":{"rendered":"Aulas"},"content":{"rendered":"<p>[vc_row content_width=&#8221;grid&#8221; el_id=&#8221;justforyou&#8221;][vc_column][vc_empty_space height=&#8221;60px&#8221;][vc_column_text]<\/p>\n<h1 style=\"text-align: center;\">S\u00f3 para ti<\/h1>\n<p>[\/vc_column_text][vc_column_text]<\/p>\n<h3 style=\"color: #104150; text-align: center;\">Escolhe o que mais se adequa a ti<\/h3>\n<p>[\/vc_column_text][vc_empty_space][vc_row_inner][vc_column_inner el_class=&#8221;colunas-fill&#8221; width=&#8221;1\/5&#8243; css=&#8221;.vc_custom_1625417911063{background-color: #ecbd20 !important;border-radius: 25px !important;}&#8221;][vc_column_text]<\/p>\n<h3 class=\"lessons\" style=\"text-align: center;\">Aula avulso<\/h3>\n<p>[\/vc_column_text][vc_column_text]<\/p>\n<p style=\"color: #ffffff; text-align: center;\"><strong>Learn as go<\/strong><\/p>\n<p>[\/vc_column_text][vc_column_text]<\/p>\n<h2 class=\"lessons\" style=\"text-align: center;\">30\u20ac<\/h2>\n<p>[\/vc_column_text][vc_empty_space height=&#8221;25px&#8221;][\/vc_column_inner][vc_column_inner el_class=&#8221;colunas-fill&#8221; width=&#8221;1\/5&#8243; css=&#8221;.vc_custom_1625417930111{background-color: #ecbd20 !important;border-radius: 25px !important;}&#8221;][vc_column_text]<\/p>\n<h3 class=\"lessons\" style=\"text-align: center;\">Aula Privada<\/h3>\n<p>[\/vc_column_text][vc_column_text]<\/p>\n<p style=\"color: #ffffff; text-align: center;\"><strong>1 aula<\/strong><\/p>\n<p>[\/vc_column_text][vc_column_text]<\/p>\n<h2 class=\"lessons\" style=\"text-align: center;\">65\u20ac<\/h2>\n<p>[\/vc_column_text][vc_empty_space height=&#8221;25px&#8221;][\/vc_column_inner][vc_column_inner el_class=&#8221;colunas-fill&#8221; width=&#8221;1\/5&#8243; css=&#8221;.vc_custom_1625417915683{background-color: #ecbd20 !important;border-radius: 25px !important;}&#8221;][vc_column_text]<\/p>\n<h3 class=\"lessons\" style=\"text-align: center;\">Pack Junior<\/h3>\n<p>[\/vc_column_text][vc_column_text]<\/p>\n<p style=\"color: #ffffff; text-align: center;\"><strong>5 aulas<\/strong><\/p>\n<p>[\/vc_column_text][vc_column_text]<\/p>\n<h2 class=\"lessons\" style=\"text-align: center;\">75\u20ac<\/h2>\n<p>[\/vc_column_text][vc_empty_space height=&#8221;25px&#8221;][\/vc_column_inner][vc_column_inner el_class=&#8221;colunas-fill&#8221; width=&#8221;1\/5&#8243; css=&#8221;.vc_custom_1625417920306{background-color: #ecbd20 !important;border-radius: 25px !important;}&#8221;][vc_column_text]<\/p>\n<h3 class=\"lessons\" style=\"text-align: center;\">Pack Starter<\/h3>\n<p>[\/vc_column_text][vc_column_text]<\/p>\n<p style=\"color: #ffffff; text-align: center;\"><strong>5 aulas<\/strong><\/p>\n<p>[\/vc_column_text][vc_column_text]<\/p>\n<h2 class=\"lessons\" style=\"text-align: center;\">90\u20ac<\/h2>\n<p>[\/vc_column_text][vc_empty_space height=&#8221;25px&#8221;][\/vc_column_inner][vc_column_inner el_class=&#8221;colunas-fill&#8221; width=&#8221;1\/5&#8243; css=&#8221;.vc_custom_1625417924935{background-color: #ecbd20 !important;border-radius: 25px !important;}&#8221;][vc_column_text]<\/p>\n<h3 class=\"lessons\" style=\"text-align: center;\">Pack Surfer<\/h3>\n<p>[\/vc_column_text][vc_column_text]<\/p>\n<p style=\"color: #ffffff; text-align: center;\"><strong>10 aulas<\/strong><\/p>\n<p>[\/vc_column_text][vc_column_text]<\/p>\n<h2 class=\"lessons\" style=\"text-align: center;\">160\u20ac<\/h2>\n<p>[\/vc_column_text][vc_empty_space height=&#8221;25px&#8221;][\/vc_column_inner][\/vc_row_inner][vc_empty_space height=&#8221;40px&#8221;][vc_column_text]<\/p>\n<h3 style=\"color: #104150; text-align: center;\">Queres saber mais? Envia-nos uma mensagem<\/h3>\n<p>[\/vc_column_text][vc_empty_space][vc_row_inner content_width=&#8221;grid&#8221; content_aligment=&#8221;center&#8221;][vc_column_inner]<a href=\"https:\/\/linhadeonda.pt\/teste\/\" target=\"_self\" style=\"color: #ecbd20;background-color: #007f87;border-color: #007f87\" class=\"qodef-btn qodef-btn-medium qodef-btn-solid qodef-btn-custom-hover-bg qodef-btn-custom-border-hover qodef-btn-custom-hover-color\" data-hover-bg-color=\"#ecbd20\" data-hover-color=\"#007f87\" data-hover-border-color=\"#ecbd20\" >\n    <span class=\"qodef-btn-text\">Saber mais.<\/span>\n    <\/a>[\/vc_column_inner][\/vc_row_inner][vc_empty_space height=&#8221;80px&#8221;][\/vc_column][\/vc_row][vc_row content_width=&#8221;grid&#8221; css=&#8221;.vc_custom_1625663830049{background-color: #ecbd20 !important;}&#8221; el_id=&#8221;surfexperiences&#8221;][vc_column][vc_empty_space height=&#8221;60px&#8221;][vc_column_text]<\/p>\n<h1 style=\"text-align: center;\">Surf Experiences<\/h1>\n<p>[\/vc_column_text][vc_column_text]<\/p>\n<h3 style=\"color: #104150; text-align: center;\">Cursos para n\u00edveis de surf b\u00e1sicos e interm\u00e9dios<\/h3>\n<p>[\/vc_column_text][vc_empty_space][vc_row_inner][vc_column_inner el_class=&#8221;colunas-fill&#8221; width=&#8221;1\/3&#8243; css=&#8221;.vc_custom_1633885025210{background-color: #007f87 !important;border-radius: 25px !important;}&#8221;][vc_column_text]<\/p>\n<h3 class=\"lessons\" style=\"text-align: center; color: #ecbd20 !important;\">One Day Surf Experience!<\/h3>\n<p>[\/vc_column_text][vc_column_text]<\/p>\n<p style=\"color: #ffffff; text-align: center;\"><strong>Curso de 1 dia de surf<br \/>\n2h em sess\u00e3o de grupo<br \/>\nPick up e Drop off<br \/>\nPrancha e fato de surf<br \/>\nInstrutor certificado<br \/>\nSeguro<\/strong><\/p>\n<p>[\/vc_column_text][vc_column_text]<\/p>\n<h2 class=\"lessons\" style=\"text-align: center; color: #ecbd20 !important;\">55\u20ac<\/h2>\n<p>[\/vc_column_text][vc_empty_space height=&#8221;25px&#8221;][\/vc_column_inner][vc_column_inner el_class=&#8221;colunas-fill&#8221; width=&#8221;1\/3&#8243; css=&#8221;.vc_custom_1633885033484{background-color: #007f87 !important;border-radius: 25px !important;}&#8221;][vc_column_text]<\/p>\n<h3 class=\"lessons\" style=\"text-align: center; color: #ecbd20 !important;\">Three Day Surf Experience!<\/h3>\n<p>[\/vc_column_text][vc_column_text]<\/p>\n<p style=\"color: #ffffff; text-align: center;\"><strong>Curso de 3 dias de surf<br \/>\n3 x 2h em sess\u00e3o de grupo<br \/>\nPick up e Drop off<br \/>\nPrancha e fato de surf<br \/>\nInstrutor certificado<br \/>\nSeguro<\/strong><\/p>\n<p>[\/vc_column_text][vc_column_text]<\/p>\n<h2 class=\"lessons\" style=\"text-align: center; color: #ecbd20 !important;\">135\u20ac<\/h2>\n<p>[\/vc_column_text][vc_empty_space height=&#8221;25px&#8221;][\/vc_column_inner][vc_column_inner el_class=&#8221;colunas-fill&#8221; width=&#8221;1\/3&#8243; css=&#8221;.vc_custom_1633885042702{background-color: #007f87 !important;border-radius: 25px !important;}&#8221;][vc_column_text]<\/p>\n<h3 class=\"lessons\" style=\"text-align: center; color: #ecbd20 !important;\">Five Day Surf Experience!<\/h3>\n<p>[\/vc_column_text][vc_column_text]<\/p>\n<p style=\"color: #ffffff; text-align: center;\"><strong>Curso de 5 dias de surf<br \/>\n5 x 2h em sess\u00e3o de grupo<br \/>\nPick up e Drop off<br \/>\nPrancha e fato de surf<br \/>\nInstrutor certificado<br \/>\nSeguro<\/strong><\/p>\n<p>[\/vc_column_text][vc_column_text]<\/p>\n<h2 class=\"lessons\" style=\"text-align: center; color: #ecbd20 !important;\">225\u20ac<\/h2>\n<p>[\/vc_column_text][vc_empty_space height=&#8221;25px&#8221;][\/vc_column_inner][\/vc_row_inner][vc_empty_space height=&#8221;40px&#8221;][vc_column_text]<\/p>\n<h3 style=\"color: #104150; text-align: center;\">Ainda com d\u00favidas? Envia-nos uma mensagem para mais informa\u00e7\u00e3o<\/h3>\n<p>[\/vc_column_text][vc_empty_space][vc_row_inner content_width=&#8221;grid&#8221; content_aligment=&#8221;center&#8221;][vc_column_inner]<a href=\"https:\/\/linhadeonda.pt\/teste\/\" target=\"_self\" style=\"color: #ffffff;background-color: #007f87;border-color: #007f87\" class=\"qodef-btn qodef-btn-medium qodef-btn-solid qodef-btn-custom-hover-bg qodef-btn-custom-border-hover qodef-btn-custom-hover-color\" data-hover-bg-color=\"#ffffff\" data-hover-color=\"#007f87\" data-hover-border-color=\"#ffffff\" >\n    <span class=\"qodef-btn-text\">Saber mais.<\/span>\n    <\/a>[\/vc_column_inner][\/vc_row_inner][vc_empty_space height=&#8221;80px&#8221;][\/vc_column][\/vc_row][vc_row content_width=&#8221;grid&#8221; el_id=&#8221;forfriends&#8221;][vc_column][vc_empty_space height=&#8221;60px&#8221;][vc_column_text]<\/p>\n<h1 style=\"text-align: center;\">Para ti e para os teus amigos<\/h1>\n<p>[\/vc_column_text][vc_column_text]<\/p>\n<h3 style=\"color: #104150; text-align: center;\">Divers\u00e3o est\u00e1 inclu\u00edda<\/h3>\n<p>[\/vc_column_text][vc_empty_space][vc_row_inner][vc_column_inner el_class=&#8221;colunas-fill&#8221; width=&#8221;1\/4&#8243; css=&#8221;.vc_custom_1625649136532{border-radius: 25px !important;}&#8221;][\/vc_column_inner][vc_column_inner el_class=&#8221;colunas-fill&#8221; width=&#8221;1\/2&#8243; css=&#8221;.vc_custom_1625417915683{background-color: #ecbd20 !important;border-radius: 25px !important;}&#8221;][vc_column_text]<\/p>\n<h3 class=\"lessons\" style=\"text-align: center;\">Aulas de grupo<\/h3>\n<p>[\/vc_column_text][vc_column_text]<\/p>\n<p style=\"color: #ffffff; text-align: center;\"><strong>Escolas, empresas, anivers\u00e1rios, outros.<br \/>\nExperi\u00eancias \u00e0 medida.<\/strong><\/p>\n<p>[\/vc_column_text][vc_column_text]<\/p>\n<h2 class=\"lessons\" style=\"text-align: center;\">Pre\u00e7o sob consulta<\/h2>\n<p>[\/vc_column_text][vc_empty_space height=&#8221;25px&#8221;][\/vc_column_inner][vc_column_inner el_class=&#8221;colunas-fill&#8221; width=&#8221;1\/4&#8243; css=&#8221;.vc_custom_1635080758607{border-radius: 25px !important;}&#8221;][\/vc_column_inner][\/vc_row_inner][vc_empty_space height=&#8221;40px&#8221;][vc_column_text]<\/p>\n<h3 style=\"color: #104150; text-align: center;\">Todas as op\u00e7\u00f5es s\u00e3o flex\u00edveis. Envia-nos uma mensagem para mais informa\u00e7\u00e3o<\/h3>\n<p>[\/vc_column_text][vc_empty_space][vc_row_inner content_width=&#8221;grid&#8221; content_aligment=&#8221;center&#8221;][vc_column_inner]<a href=\"https:\/\/linhadeonda.pt\/teste\/\" target=\"_self\" style=\"color: #104150;border-color: #104150\" class=\"qodef-btn qodef-btn-medium qodef-btn-outline qodef-btn-custom-hover-bg qodef-btn-custom-border-hover qodef-btn-custom-hover-color\" data-hover-bg-color=\"#ecbd20\" data-hover-color=\"#104150\" data-hover-border-color=\"#ecbd20\" >\n    <span class=\"qodef-btn-text\">Saber mais.<\/span>\n    <\/a>[\/vc_column_inner][\/vc_row_inner][vc_empty_space height=&#8221;80px&#8221;][\/vc_column][\/vc_row][vc_row content_width=&#8221;grid&#8221; css=&#8221;.vc_custom_1633993454818{background-color: #007f87 !important;}&#8221; el_id=&#8221;examples&#8221;][vc_column][vc_empty_space height=&#8221;60px&#8221;][vc_column_text]<\/p>\n<h1 style=\"text-align: center; color: #ecbd20 !important;\">Alguns exemplos incr\u00edveis<\/h1>\n<p>[\/vc_column_text][vc_empty_space][\/vc_column][\/vc_row][vc_row css=&#8221;.vc_custom_1642159102002{padding-right: 5% !important;padding-left: 5% !important;background-color: #007f87 !important;}&#8221; el_class=&#8221;blog-3&#8243;][vc_column width=&#8221;1\/2&#8243;][vc_row_inner][vc_column_inner width=&#8221;1\/2&#8243;][vc_single_image image=&#8221;3706&#8243; img_size=&#8221;full&#8221;][\/vc_column_inner][vc_column_inner el_class=&#8221;blog-1&#8243; width=&#8221;1\/2&#8243;][vc_column_text]<\/p>\n<p style=\"color: #ffffff; text-align: left;\"><strong>12 Agosto 2020<\/strong><\/p>\n<p>[\/vc_column_text][vc_column_text]<\/p>\n<h3 class=\"lessons\" style=\"text-align: left; color: #ecbd20 !important;\">SUMMER CAMP 2020<br \/>\nLINHA DE ONDA &#8211; Surfing School<\/h3>\n<p>[\/vc_column_text][vc_column_text]<\/p>\n<p style=\"color: #ffffff; text-align: left;\"><strong>Powered by: DEEPLY<\/strong><\/p>\n<p>[\/vc_column_text][vc_empty_space height=&#8221;25px&#8221;]<a href=\"https:\/\/linhadeonda.pt\/2020\/08\/12\/summer-camp-2020\/\" target=\"_self\" style=\"color: #ecbd20;border-color: #ecbd20\" class=\"qodef-btn qodef-btn-small qodef-btn-outline qodef-btn-custom-hover-bg qodef-btn-custom-border-hover qodef-btn-custom-hover-color\" data-hover-bg-color=\"#ecbd20\" data-hover-color=\"#104150\" data-hover-border-color=\"#ecbd20\" >\n    <span class=\"qodef-btn-text\">Read more<\/span>\n    <\/a>[\/vc_column_inner][\/vc_row_inner][\/vc_column][vc_column width=&#8221;1\/2&#8243;][vc_row_inner][vc_column_inner width=&#8221;1\/2&#8243;][vc_single_image image=&#8221;3707&#8243; img_size=&#8221;full&#8221;][\/vc_column_inner][vc_column_inner el_class=&#8221;blog-2&#8243; width=&#8221;1\/2&#8243;][vc_column_text]<\/p>\n<p style=\"color: #ffffff; text-align: left;\"><strong>13 Fevereiro 2020<\/strong><\/p>\n<p>[\/vc_column_text][vc_column_text]<\/p>\n<h3 class=\"lessons\" style=\"text-align: left; color: #ecbd20 !important;\">Campos de<br \/>\nF\u00e9rias Carnaval<br \/>\n2020<\/h3>\n<p>[\/vc_column_text][vc_empty_space height=&#8221;25px&#8221;]<a href=\"https:\/\/linhadeonda.pt\/2020\/02\/13\/campos-de-ferias-carnaval-2020\/\" target=\"_self\" style=\"color: #ecbd20;border-color: #ecbd20\" class=\"qodef-btn qodef-btn-small qodef-btn-outline qodef-btn-custom-hover-bg qodef-btn-custom-border-hover qodef-btn-custom-hover-color\" data-hover-bg-color=\"#ecbd20\" data-hover-color=\"#104150\" data-hover-border-color=\"#ecbd20\" >\n    <span class=\"qodef-btn-text\">Read more<\/span>\n    <\/a>[\/vc_column_inner][\/vc_row_inner][\/vc_column][\/vc_row][vc_row content_width=&#8221;grid&#8221; css=&#8221;.vc_custom_1633993480536{background-color: #007f87 !important;}&#8221;][vc_column][vc_empty_space height=&#8221;60px&#8221;][\/vc_column][\/vc_row][vc_row content_width=&#8221;grid&#8221; css=&#8221;.vc_custom_1633993655281{background-color: #ecbd20 !important;background-position: center !important;background-repeat: no-repeat !important;background-size: contain !important;}&#8221; el_class=&#8221;bg-image-right&#8221;][vc_column width=&#8221;1\/2&#8243;][vc_empty_space height=&#8221;50px&#8221;][vc_column_text]<\/p>\n<h1 style=\"color: #007f87;\">Recebe as \u00faltimas not\u00edcias!<\/h1>\n<p>[\/vc_column_text][vc_column_text]<\/p>\n<h3 style=\"color: #007f87;\">Subscreve a nossa newsletter e fica a par de tudo o que se passa na Linha de Onda&#8230;<\/h3>\n<p>[\/vc_column_text][vc_empty_space height=&#8221;15px&#8221;]<div class=\"wpforms-container wpforms-container-full\" id=\"wpforms-2979\"><form id=\"wpforms-form-2979\" class=\"wpforms-validate wpforms-form\" data-formid=\"2979\" method=\"post\" enctype=\"multipart\/form-data\" action=\"\/pt-pt\/wp-json\/wp\/v2\/pages\/3809\" data-token=\"c35dd97823411f6c1d19e5e3a0d15b71\"><noscript class=\"wpforms-error-noscript\">Please enable JavaScript in your browser to complete this form.<\/noscript><div class=\"wpforms-field-container\"><div id=\"wpforms-2979-field_0-container\" class=\"wpforms-field wpforms-field-name\" data-field-id=\"0\"><div class=\"wpforms-field-row wpforms-field-medium\"><div class=\"wpforms-field-row-block wpforms-first wpforms-one-half\"><input type=\"text\" id=\"wpforms-2979-field_0\" class=\"wpforms-field-name-first wpforms-field-required\" name=\"wpforms[fields][0][first]\" placeholder=\"Name\" required><label for=\"wpforms-2979-field_0\" class=\"wpforms-field-sublabel after wpforms-sublabel-hide\">First<\/label><\/div><div class=\"wpforms-field-row-block wpforms-one-half\"><input type=\"text\" id=\"wpforms-2979-field_0-last\" class=\"wpforms-field-name-last wpforms-field-required\" name=\"wpforms[fields][0][last]\" placeholder=\"Last Name\" required><label for=\"wpforms-2979-field_0-last\" class=\"wpforms-field-sublabel after wpforms-sublabel-hide\">Last<\/label><\/div><\/div><\/div><div id=\"wpforms-2979-field_1-container\" class=\"wpforms-field wpforms-field-email\" data-field-id=\"1\"><label class=\"wpforms-field-label wpforms-label-hide\" for=\"wpforms-2979-field_1\">Email <span class=\"wpforms-required-label\">*<\/span><\/label><input type=\"email\" id=\"wpforms-2979-field_1\" class=\"wpforms-field-medium wpforms-field-required\" name=\"wpforms[fields][1]\" placeholder=\"Email\" spellcheck=\"false\" required><\/div><\/div><!-- .wpforms-field-container --><div class=\"wpforms-recaptcha-container wpforms-is-hcaptcha\" ><div class=\"g-recaptcha\" data-sitekey=\"3805a53a-bb03-416f-a1f8-52272aeb5324\"><\/div><input type=\"text\" name=\"g-recaptcha-hidden\" class=\"wpforms-recaptcha-hidden\" style=\"position:absolute!important;clip:rect(0,0,0,0)!important;height:1px!important;width:1px!important;border:0!important;overflow:hidden!important;padding:0!important;margin:0!important;\" data-rule-hcaptcha=\"1\"><\/div><div class=\"wpforms-submit-container\" ><input type=\"hidden\" name=\"wpforms[id]\" value=\"2979\"><input type=\"hidden\" name=\"wpforms[author]\" value=\"1\"><button type=\"submit\" name=\"wpforms[submit]\" id=\"wpforms-submit-2979\" class=\"wpforms-submit\" data-alt-text=\"Sending...\" data-submit-text=\"Subscribe\" aria-live=\"assertive\" value=\"wpforms-submit\">Subscribe<\/button><\/div><\/form><\/div>  <!-- .wpforms-container -->[vc_empty_space height=&#8221;50px&#8221; el_class=&#8221;mobile-off&#8221;][\/vc_column][vc_column width=&#8221;1\/2&#8243; css=&#8221;.vc_custom_1624021442237{background-position: 0 0 !important;background-repeat: no-repeat !important;}&#8221;][vc_empty_space height=&#8221;35px&#8221;][vc_gallery type=&#8221;nivo&#8221; interval=&#8221;3&#8243; images=&#8221;3752,3753,3754,3755&#8243; img_size=&#8221;full&#8221; onclick=&#8221;&#8221;][\/vc_column][\/vc_row]<\/p>\n","protected":false},"excerpt":{"rendered":"<p>[vc_row content_width=&#8221;grid&#8221; el_id=&#8221;justforyou&#8221;][vc_column][vc_empty_space height=&#8221;60px&#8221;][vc_column_text] S\u00f3 para ti [\/vc_column_text][vc_column_text] Escolhe o que mais se adequa a ti [\/vc_column_text][vc_empty_space][vc_row_inner][vc_column_inner el_class=&#8221;colunas-fill&#8221; width=&#8221;1\/5&#8243; css=&#8221;.vc_custom_1625417911063{background-color: #ecbd20 !important;border-radius: 25px !important;}&#8221;][vc_column_text] Aula avulso [\/vc_column_text][vc_column_text] Learn as go [\/vc_column_text][vc_column_text] 30\u20ac [\/vc_column_text][vc_empty_space height=&#8221;25px&#8221;][\/vc_column_inner][vc_column_inner el_class=&#8221;colunas-fill&#8221; width=&#8221;1\/5&#8243; css=&#8221;.vc_custom_1625417930111{background-color: #ecbd20 !important;border-radius: 25px !important;}&#8221;][vc_column_text] Aula Privada [\/vc_column_text][vc_column_text] 1&#8230;<\/p>\n","protected":false},"author":1,"featured_media":0,"parent":0,"menu_order":0,"comment_status":"closed","ping_status":"closed","template":"full-width.php","meta":{"om_disable_all_campaigns":false,"footnotes":""},"class_list":["post-3809","page","type-page","status-publish","hentry"],"_links":{"self":[{"href":"https:\/\/linhadeonda.pt\/pt-pt\/wp-json\/wp\/v2\/pages\/3809","targetHints":{"allow":["GET"]}}],"collection":[{"href":"https:\/\/linhadeonda.pt\/pt-pt\/wp-json\/wp\/v2\/pages"}],"about":[{"href":"https:\/\/linhadeonda.pt\/pt-pt\/wp-json\/wp\/v2\/types\/page"}],"author":[{"embeddable":true,"href":"https:\/\/linhadeonda.pt\/pt-pt\/wp-json\/wp\/v2\/users\/1"}],"replies":[{"embeddable":true,"href":"https:\/\/linhadeonda.pt\/pt-pt\/wp-json\/wp\/v2\/comments?post=3809"}],"version-history":[{"count":18,"href":"https:\/\/linhadeonda.pt\/pt-pt\/wp-json\/wp\/v2\/pages\/3809\/revisions"}],"predecessor-version":[{"id":4238,"href":"https:\/\/linhadeonda.pt\/pt-pt\/wp-json\/wp\/v2\/pages\/3809\/revisions\/4238"}],"wp:attachment":[{"href":"https:\/\/linhadeonda.pt\/pt-pt\/wp-json\/wp\/v2\/media?parent=3809"}],"curies":[{"name":"wp","href":"https:\/\/api.w.org\/{rel}","templated":true}]}}