{"id":3914,"date":"2022-01-30T20:29:16","date_gmt":"2022-01-30T20:29:16","guid":{"rendered":"https:\/\/g3ds.com\/linhadeonda\/blog-posts\/"},"modified":"2022-01-30T20:48:29","modified_gmt":"2022-01-30T20:48:29","slug":"blog-posts","status":"publish","type":"page","link":"https:\/\/linhadeonda.pt\/pt-pt\/blog-posts\/","title":{"rendered":"Blog"},"content":{"rendered":"<p>[vc_row content_width=&#8221;grid&#8221; css=&#8221;.vc_custom_1448538100833{padding-top: 61px !important;padding-bottom: 25px !important;}&#8221;][vc_column]<div class=\"qodef-blog-list-holder qodef-boxes qodef-three-columns\">\n\t<ul class=\"qodef-blog-list\">\n\t<li class=\"qodef-blog-list-item clearfix\">\n\t<div class=\"qodef-blog-list-item-inner\">\n\t\t<div class=\"qodef-item-image\">\n\t\t\t<a href=\"https:\/\/linhadeonda.pt\/pt-pt\/4146\/\">\n\t\t\t\t<img loading=\"lazy\" decoding=\"async\" width=\"2000\" height=\"1481\" src=\"https:\/\/linhadeonda.pt\/wp-content\/uploads\/2023\/05\/lo_summer_camp_post_facebook.jpg\" class=\"attachment-full size-full wp-post-image\" alt=\"\" srcset=\"https:\/\/linhadeonda.pt\/wp-content\/uploads\/2023\/05\/lo_summer_camp_post_facebook.jpg 2000w, https:\/\/linhadeonda.pt\/wp-content\/uploads\/2023\/05\/lo_summer_camp_post_facebook-300x222.jpg 300w, https:\/\/linhadeonda.pt\/wp-content\/uploads\/2023\/05\/lo_summer_camp_post_facebook-1024x758.jpg 1024w, https:\/\/linhadeonda.pt\/wp-content\/uploads\/2023\/05\/lo_summer_camp_post_facebook-768x569.jpg 768w, https:\/\/linhadeonda.pt\/wp-content\/uploads\/2023\/05\/lo_summer_camp_post_facebook-1536x1137.jpg 1536w, https:\/\/linhadeonda.pt\/wp-content\/uploads\/2023\/05\/lo_summer_camp_post_facebook-600x444.jpg 600w\" sizes=\"auto, (max-width: 2000px) 100vw, 2000px\" \/>\t\t\t\t\n\t\t\t<\/a>\n\t\t<\/div>\n\t\t<div class=\"qodef-item-text-holder\">\n\t\t\t<div class=\"qodef-item-info-section\">\n\t\t\t\t<div class=\"qodef-post-info-date\">\n\t\n\t\tMaio 19, 2023\n\t\t<\/div><div class=\"qodef-post-info-author\">by <a class=\"qodef-post-info-author-link\" href=\"https:\/\/linhadeonda.pt\/pt-pt\/author\/gguerrag3ds-com\/\">gguerra@g3ds.com<span class=\"qodef-title-author-underline\"><\/span><\/a><\/div>\n\t\t\t<\/div>\n\t\t\t<h3 class=\"qodef-item-title\">\n\t\t\t\t<a href=\"https:\/\/linhadeonda.pt\/pt-pt\/4146\/\" >\n\t\t\t\t\tSUMMER CAMP 2023\t\t\t\t<\/a>\n\t\t\t<\/h3>\n\t\t\t\t\t\t\t<p class=\"qodef-excerpt\">Os CAMPOS DE VER\u00c3O da Linha de Onda direcionam-se para o que cada vez \u00e9 mais importante ...<\/p>\n\t\t\t\t\t<\/div>\n\t<\/div>\t\n<\/li><li class=\"qodef-blog-list-item clearfix\">\n\t<div class=\"qodef-blog-list-item-inner\">\n\t\t<div class=\"qodef-item-image\">\n\t\t\t<a href=\"https:\/\/linhadeonda.pt\/pt-pt\/campos-de-ferias-carnaval-2020\/\">\n\t\t\t\t<img loading=\"lazy\" decoding=\"async\" width=\"808\" height=\"380\" src=\"https:\/\/linhadeonda.pt\/wp-content\/uploads\/2022\/01\/img3143-1.jpeg\" class=\"attachment-full size-full wp-post-image\" alt=\"\" srcset=\"https:\/\/linhadeonda.pt\/wp-content\/uploads\/2022\/01\/img3143-1.jpeg 808w, https:\/\/linhadeonda.pt\/wp-content\/uploads\/2022\/01\/img3143-1-300x141.jpeg 300w, https:\/\/linhadeonda.pt\/wp-content\/uploads\/2022\/01\/img3143-1-768x361.jpeg 768w, https:\/\/linhadeonda.pt\/wp-content\/uploads\/2022\/01\/img3143-1-600x282.jpeg 600w\" sizes=\"auto, (max-width: 808px) 100vw, 808px\" \/>\t\t\t\t\n\t\t\t<\/a>\n\t\t<\/div>\n\t\t<div class=\"qodef-item-text-holder\">\n\t\t\t<div class=\"qodef-item-info-section\">\n\t\t\t\t<div class=\"qodef-post-info-date\">\n\t\n\t\tJaneiro 30, 2020\n\t\t<\/div><div class=\"qodef-post-info-author\">by <a class=\"qodef-post-info-author-link\" href=\"https:\/\/linhadeonda.pt\/pt-pt\/author\/gguerrag3ds-com\/\">gguerra@g3ds.com<span class=\"qodef-title-author-underline\"><\/span><\/a><\/div>\n\t\t\t<\/div>\n\t\t\t<h3 class=\"qodef-item-title\">\n\t\t\t\t<a href=\"https:\/\/linhadeonda.pt\/pt-pt\/campos-de-ferias-carnaval-2020\/\" >\n\t\t\t\t\tCampos de F\u00e9rias Carnaval 2020\t\t\t\t<\/a>\n\t\t\t<\/h3>\n\t\t\t\t\t\t\t<p class=\"qodef-excerpt\">Andas \u00e0 procura da melhor maneira de passar as mini f\u00e9rias de carnaval com atividades di...<\/p>\n\t\t\t\t\t<\/div>\n\t<\/div>\t\n<\/li><li class=\"qodef-blog-list-item clearfix\">\n\t<div class=\"qodef-blog-list-item-inner\">\n\t\t<div class=\"qodef-item-image\">\n\t\t\t<a href=\"https:\/\/linhadeonda.pt\/pt-pt\/summer-camp-2020\/\">\n\t\t\t\t<img loading=\"lazy\" decoding=\"async\" width=\"1440\" height=\"1920\" src=\"https:\/\/linhadeonda.pt\/wp-content\/uploads\/2015\/11\/vida-nos-oceanos.jpeg\" class=\"attachment-full size-full wp-post-image\" alt=\"\" srcset=\"https:\/\/linhadeonda.pt\/wp-content\/uploads\/2015\/11\/vida-nos-oceanos.jpeg 1440w, https:\/\/linhadeonda.pt\/wp-content\/uploads\/2015\/11\/vida-nos-oceanos-225x300.jpeg 225w, https:\/\/linhadeonda.pt\/wp-content\/uploads\/2015\/11\/vida-nos-oceanos-768x1024.jpeg 768w, https:\/\/linhadeonda.pt\/wp-content\/uploads\/2015\/11\/vida-nos-oceanos-1152x1536.jpeg 1152w, https:\/\/linhadeonda.pt\/wp-content\/uploads\/2015\/11\/vida-nos-oceanos-600x800.jpeg 600w\" sizes=\"auto, (max-width: 1440px) 100vw, 1440px\" \/>\t\t\t\t\n\t\t\t<\/a>\n\t\t<\/div>\n\t\t<div class=\"qodef-item-text-holder\">\n\t\t\t<div class=\"qodef-item-info-section\">\n\t\t\t\t<div class=\"qodef-post-info-date\">\n\t\n\t\tAgosto 12, 2020\n\t\t<\/div><div class=\"qodef-post-info-author\">by <a class=\"qodef-post-info-author-link\" href=\"https:\/\/linhadeonda.pt\/pt-pt\/author\/gguerrag3ds-com\/\">gguerra@g3ds.com<span class=\"qodef-title-author-underline\"><\/span><\/a><\/div>\n\t\t\t<\/div>\n\t\t\t<h3 class=\"qodef-item-title\">\n\t\t\t\t<a href=\"https:\/\/linhadeonda.pt\/pt-pt\/summer-camp-2020\/\" >\n\t\t\t\t\tSUMMER CAMP 2020\t\t\t\t<\/a>\n\t\t\t<\/h3>\n\t\t\t\t\t\t\t<p class=\"qodef-excerpt\">Apesar de estarmos todos a viver um ano at\u00edpico e dif\u00edcil os Summer Camps Linha de Onda ...<\/p>\n\t\t\t\t\t<\/div>\n\t<\/div>\t\n<\/li><li class=\"qodef-blog-list-item clearfix\">\n\t<div class=\"qodef-blog-list-item-inner\">\n\t\t<div class=\"qodef-item-image\">\n\t\t\t<a href=\"https:\/\/linhadeonda.pt\/pt-pt\/easter-camp-2022\/\">\n\t\t\t\t<img loading=\"lazy\" decoding=\"async\" width=\"1080\" height=\"1350\" src=\"https:\/\/linhadeonda.pt\/wp-content\/uploads\/2022\/03\/poster_post_intagram_easter_camp.jpg\" class=\"attachment-full size-full wp-post-image\" alt=\"\" srcset=\"https:\/\/linhadeonda.pt\/wp-content\/uploads\/2022\/03\/poster_post_intagram_easter_camp.jpg 1080w, https:\/\/linhadeonda.pt\/wp-content\/uploads\/2022\/03\/poster_post_intagram_easter_camp-240x300.jpg 240w, https:\/\/linhadeonda.pt\/wp-content\/uploads\/2022\/03\/poster_post_intagram_easter_camp-819x1024.jpg 819w, https:\/\/linhadeonda.pt\/wp-content\/uploads\/2022\/03\/poster_post_intagram_easter_camp-768x960.jpg 768w, https:\/\/linhadeonda.pt\/wp-content\/uploads\/2022\/03\/poster_post_intagram_easter_camp-600x750.jpg 600w\" sizes=\"auto, (max-width: 1080px) 100vw, 1080px\" \/>\t\t\t\t\n\t\t\t<\/a>\n\t\t<\/div>\n\t\t<div class=\"qodef-item-text-holder\">\n\t\t\t<div class=\"qodef-item-info-section\">\n\t\t\t\t<div class=\"qodef-post-info-date\">\n\t\t<a href=\"https:\/\/linhadeonda.pt\/pt-pt\/easter-camp-2022\/\">\n\t\t\n\t\tMar\u00e7o 15, 2022\n\t\t\t<\/a>\n<\/div><div class=\"qodef-post-info-author\">by <a class=\"qodef-post-info-author-link\" href=\"https:\/\/linhadeonda.pt\/pt-pt\/author\/gguerrag3ds-com\/\">gguerra@g3ds.com<span class=\"qodef-title-author-underline\"><\/span><\/a><\/div>\n\t\t\t<\/div>\n\t\t\t<h3 class=\"qodef-item-title\">\n\t\t\t\t<a href=\"https:\/\/linhadeonda.pt\/pt-pt\/easter-camp-2022\/\" >\n\t\t\t\t\t\t\t\t\t<\/a>\n\t\t\t<\/h3>\n\t\t\t\t\t\t\t<p class=\"qodef-excerpt\">O Easter Camp est\u00e1 orientado para crian\u00e7as a partir dos 6 at\u00e9 aos 17 anos, com atividad...<\/p>\n\t\t\t\t\t<\/div>\n\t<\/div>\t\n<\/li>\t<\/ul>\t\n<\/div>\n[\/vc_column][\/vc_row]<\/p>\n","protected":false},"excerpt":{"rendered":"<p>[vc_row content_width=&#8221;grid&#8221; css=&#8221;.vc_custom_1448538100833{padding-top: 61px !important;padding-bottom: 25px !important;}&#8221;][vc_column][\/vc_column][\/vc_row]<\/p>\n","protected":false},"author":1,"featured_media":0,"parent":0,"menu_order":0,"comment_status":"closed","ping_status":"closed","template":"full-width.php","meta":{"om_disable_all_campaigns":false,"footnotes":""},"class_list":["post-3914","page","type-page","status-publish","hentry"],"_links":{"self":[{"href":"https:\/\/linhadeonda.pt\/pt-pt\/wp-json\/wp\/v2\/pages\/3914","targetHints":{"allow":["GET"]}}],"collection":[{"href":"https:\/\/linhadeonda.pt\/pt-pt\/wp-json\/wp\/v2\/pages"}],"about":[{"href":"https:\/\/linhadeonda.pt\/pt-pt\/wp-json\/wp\/v2\/types\/page"}],"author":[{"embeddable":true,"href":"https:\/\/linhadeonda.pt\/pt-pt\/wp-json\/wp\/v2\/users\/1"}],"replies":[{"embeddable":true,"href":"https:\/\/linhadeonda.pt\/pt-pt\/wp-json\/wp\/v2\/comments?post=3914"}],"version-history":[{"count":3,"href":"https:\/\/linhadeonda.pt\/pt-pt\/wp-json\/wp\/v2\/pages\/3914\/revisions"}],"predecessor-version":[{"id":3926,"href":"https:\/\/linhadeonda.pt\/pt-pt\/wp-json\/wp\/v2\/pages\/3914\/revisions\/3926"}],"wp:attachment":[{"href":"https:\/\/linhadeonda.pt\/pt-pt\/wp-json\/wp\/v2\/media?parent=3914"}],"curies":[{"name":"wp","href":"https:\/\/api.w.org\/{rel}","templated":true}]}}