{"id":4006,"date":"2022-01-31T16:23:14","date_gmt":"2022-01-31T16:23:14","guid":{"rendered":"https:\/\/g3ds.com\/linhadeonda\/os-professores\/"},"modified":"2026-01-27T13:29:55","modified_gmt":"2026-01-27T13:29:55","slug":"os-professores","status":"publish","type":"page","link":"https:\/\/linhadeonda.pt\/pt-pt\/os-professores\/","title":{"rendered":"Os professores"},"content":{"rendered":"<p>[vc_row content_width=&#8221;grid&#8221; css=&#8221;.vc_custom_1643640556179{background-color: #007f87 !important;background-position: center !important;background-repeat: no-repeat !important;background-size: contain !important;}&#8221; el_class=&#8221;bg-image-right&#8221;][vc_column width=&#8221;1\/2&#8243; css=&#8221;.vc_custom_1624021442237{background-position: 0 0 !important;background-repeat: no-repeat !important;}&#8221;][vc_empty_space height=&#8221;30px&#8221; el_class=&#8221;mobile-off&#8221;][vc_single_image image=&#8221;3966&#8243; img_size=&#8221;350&#215;350&#8243; alignment=&#8221;center&#8221; style=&#8221;vc_box_circle_2&#8243;][vc_empty_space height=&#8221;60px&#8221; el_class=&#8221;mobile-off&#8221;][\/vc_column][vc_column width=&#8221;1\/2&#8243;][vc_empty_space height=&#8221;60px&#8221; el_class=&#8221;mobile-off&#8221;][vc_column_text]<\/p>\n<h1 style=\"color: #edbd21; text-align: left; line-height: 40px;\">Manuel Centeno<\/h1>\n<p style=\"color: white;\"><strong>1980, Porto<\/strong><\/p>\n<p>[\/vc_column_text][vc_empty_space height=&#8221;20px&#8221;][vc_column_text]<\/p>\n<h3 style=\"color: #ffffff; text-align: left;\">Licenciado em arquitetura pela Faculdade de Arquitetura da Universidade do Porto. Patrocinado por Deeply e Pilatesaviz.<\/h3>\n<p>[\/vc_column_text][vc_empty_space height=&#8221;20px&#8221;][vc_column_text]<\/p>\n<h3 style=\"color: #ffffff; text-align: left;\"><span style=\"color: #ecbd20 !important;\"><strong>\/\/ <\/strong><\/span>10 x campe\u00e3o nacional bodyboard<br \/>\n<span style=\"color: #ecbd20 !important;\"><strong>\/\/ <\/strong><\/span>5 x campe\u00e3o europeu bodyboard<br \/>\n<span style=\"color: #ecbd20 !important;\"><strong>\/\/ <\/strong><\/span>2 x campe\u00e3o mundial bodyboard<\/h3>\n<p>[\/vc_column_text][vc_empty_space height=&#8221;20px&#8221;][vc_column_text]<\/p>\n<h3 style=\"color: #ffffff; text-align: left;\"><span style=\"color: #ecbd20 !important;\"><strong>Hobbies<\/strong><\/span><br \/>\njiu-jitsu, motas, fotografia, ler, viajar<\/h3>\n<p>[\/vc_column_text][vc_empty_space height=&#8221;20px&#8221;][vc_column_text]<\/p>\n<h3 style=\"color: #ffffff; text-align: left;\"><span style=\"color: #ecbd20 !important;\"><strong>Redes sociais<\/strong><\/span><br \/>\n[vc_empty_space height=&#8221;5px&#8221;]<br \/>\n\n    <span class=\"qodef-icon-shortcode normal\" style=\"margin: 4px\" data-hover-color=\"#edbd21\" data-color=\"#ffffff\">\n                    <a class=\"\" href=\"https:\/\/www.facebook.com\/manuel.centeno1000\/\" target=\"_blank\">\n        \n        <span aria-hidden=\"true\" class=\"qodef-icon-font-elegant social_facebook_circle qodef-icon-element\" style=\"color: #ffffff;font-size:30px\" ><\/span>\n                    <\/a>\n            <\/span>\n\n\n    <span class=\"qodef-icon-shortcode normal\" style=\"margin: 4px\" data-hover-color=\"#edbd21\" data-color=\"#ffffff\">\n                    <a class=\"\" href=\"https:\/\/www.instagram.com\/manuelcenteno\" target=\"_blank\">\n        \n        <span aria-hidden=\"true\" class=\"qodef-icon-font-elegant social_instagram_circle qodef-icon-element\" style=\"color: #ffffff;font-size:30px\" ><\/span>\n                    <\/a>\n            <\/span>\n\n\n    <span class=\"qodef-icon-shortcode normal\" style=\"margin: 4px\" data-hover-color=\"#edbd21\" data-color=\"#ffffff\">\n                    <a class=\"\" href=\"https:\/\/vimeo.com\/manuelcenteno\" target=\"_blank\">\n        \n        <span aria-hidden=\"true\" class=\"qodef-icon-font-elegant social_vimeo_circle qodef-icon-element\" style=\"color: #ffffff;font-size:30px\" ><\/span>\n                    <\/a>\n            <\/span>\n\n<\/h3>\n<p>[\/vc_column_text][vc_empty_space height=&#8221;60px&#8221;][\/vc_column][\/vc_row][vc_row content_width=&#8221;grid&#8221; css=&#8221;.vc_custom_1643643472454{background-color: #ecbd20 !important;background-position: center !important;background-repeat: no-repeat !important;background-size: contain !important;}&#8221; el_class=&#8221;bg-image-right&#8221;][vc_column width=&#8221;1\/2&#8243;][vc_empty_space height=&#8221;60px&#8221; el_class=&#8221;mobile-off&#8221;][vc_column_text]<\/p>\n<h1 style=\"color: #007f87; text-align: left; line-height: 40px;\">Nuno Azevedo<\/h1>\n<p style=\"color: white;\"><strong>1979, Guimar\u00e3es<\/strong><\/p>\n<p>[\/vc_column_text][vc_empty_space height=&#8221;20px&#8221;][vc_column_text]<\/p>\n<h3 style=\"color: #ffffff; text-align: left;\">Licenciatura e mestrado em educa\u00e7\u00e3o f\u00edsica e desporto pelo ISMAI. Instrutor de bodyboard\/ surf pela FPS (Federa\u00e7\u00e3o Portuguesa de Surf) e IDP. Personal trainer. Patrocinado pela The Versus Project Boards.<\/h3>\n<p>[\/vc_column_text][vc_empty_space height=&#8221;20px&#8221;][vc_column_text]<\/p>\n<h3 style=\"color: #ffffff; text-align: left;\"><span style=\"color: #007f87 !important;\"><strong>\/\/ <\/strong><\/span>4x Campe\u00e3o Luso-Galaico<br \/>\n<span style=\"color: #007f87 !important;\"><strong>\/\/ <\/strong><\/span>1x Campe\u00e3o da Ta\u00e7a de Portugal<\/h3>\n<p>[\/vc_column_text][vc_empty_space height=&#8221;20px&#8221;][vc_column_text]<\/p>\n<h3 style=\"color: #ffffff; text-align: left;\"><span style=\"color: #007f87 !important;\"><strong>Hobbies<\/strong><\/span><br \/>\nDesporto em geral, Filmes\/series, M\u00fasica, Viajar<\/h3>\n<p>[\/vc_column_text][vc_empty_space height=&#8221;20px&#8221;][vc_column_text]<\/p>\n<h3 style=\"color: #ffffff; text-align: left;\"><span style=\"color: #007f87 !important;\"><strong>Redes sociais<\/strong><\/span><br \/>\n[vc_empty_space height=&#8221;5px&#8221;]<br \/>\n\n    <span class=\"qodef-icon-shortcode normal\" style=\"margin: 4px\" data-hover-color=\"#edbd21\" data-color=\"#ffffff\">\n                    <a class=\"\" href=\"https:\/\/www.facebook.com\/nuno.azevedo\" target=\"_blank\">\n        \n        <span aria-hidden=\"true\" class=\"qodef-icon-font-elegant social_facebook_circle qodef-icon-element\" style=\"color: #ffffff;font-size:30px\" ><\/span>\n                    <\/a>\n            <\/span>\n\n\n    <span class=\"qodef-icon-shortcode normal\" style=\"margin: 4px\" data-hover-color=\"#edbd21\" data-color=\"#ffffff\">\n                    <a class=\"\" href=\"https:\/\/www.instagram.com\/nunoazevedo\/\" target=\"_blank\">\n        \n        <span aria-hidden=\"true\" class=\"qodef-icon-font-elegant social_instagram_circle qodef-icon-element\" style=\"color: #ffffff;font-size:30px\" ><\/span>\n                    <\/a>\n            <\/span>\n\n<\/h3>\n<p>[\/vc_column_text][vc_empty_space height=&#8221;60px&#8221;][\/vc_column][vc_column width=&#8221;1\/2&#8243; css=&#8221;.vc_custom_1624021442237{background-position: 0 0 !important;background-repeat: no-repeat !important;}&#8221;][vc_empty_space height=&#8221;30px&#8221; el_class=&#8221;mobile-off&#8221;][vc_single_image image=&#8221;3968&#8243; img_size=&#8221;350&#215;350&#8243; alignment=&#8221;center&#8221; style=&#8221;vc_box_circle_2&#8243;][vc_empty_space height=&#8221;60px&#8221; el_class=&#8221;mobile-off&#8221;][\/vc_column][\/vc_row][vc_row content_width=&#8221;grid&#8221; css=&#8221;.vc_custom_1643640556179{background-color: #007f87 !important;background-position: center !important;background-repeat: no-repeat !important;background-size: contain !important;}&#8221; el_class=&#8221;bg-image-right&#8221;][vc_column width=&#8221;1\/2&#8243; css=&#8221;.vc_custom_1624021442237{background-position: 0 0 !important;background-repeat: no-repeat !important;}&#8221;][vc_empty_space height=&#8221;30px&#8221; el_class=&#8221;mobile-off&#8221;][vc_single_image image=&#8221;4245&#8243; img_size=&#8221;350&#215;350&#8243; alignment=&#8221;center&#8221; style=&#8221;vc_box_circle_2&#8243;][vc_empty_space height=&#8221;60px&#8221; el_class=&#8221;mobile-off&#8221;][\/vc_column][vc_column width=&#8221;1\/2&#8243;][vc_empty_space height=&#8221;60px&#8221; el_class=&#8221;mobile-off&#8221;][vc_column_text]<\/p>\n<h1 style=\"color: #edbd21; text-align: left; line-height: 40px;\">Afonso Ma\u00e7\u00e3s Martins<\/h1>\n<p style=\"color: white;\"><b>2001, Portalegre<\/b><\/p>\n<p>[\/vc_column_text][vc_empty_space height=&#8221;20px&#8221;][vc_column_text]<\/p>\n<h3><span class=\"_aupe copyable-text xkrh14z\" style=\"color: #ffffff;\">Curso T\u00e9cnico de Turismo. Curso T\u00e9cnico Superior de Desporto e Turismo de Natureza pela Escola Superior de Educa\u00e7\u00e3o do Porto. Treinador de Surfing &#8211; Grau 1 (Certificado pela Federa\u00e7\u00e3o Portuguesa de Surf). Curso de Resgate e Salvamento Aqu\u00e1tico.<\/span><\/h3>\n<p>[\/vc_column_text][vc_empty_space height=&#8221;20px&#8221;][vc_column_text]<\/p>\n<h3 style=\"color: #ffffff; text-align: left;\"><span style=\"color: #ecbd20 !important;\"><strong>Hobbies<\/strong><\/span><br \/>\nDesporto em geral\/ Musica\/Viagens<\/h3>\n<p>[\/vc_column_text][vc_empty_space height=&#8221;20px&#8221;][vc_column_text]<\/p>\n<h3 style=\"color: #ffffff; text-align: left;\"><span style=\"color: #ecbd20 !important;\"><strong>Redes sociais<\/strong><\/span><br \/>\n[vc_empty_space height=&#8221;5px&#8221;]<br \/>\n\n    <span class=\"qodef-icon-shortcode normal\" style=\"margin: 4px\" data-hover-color=\"#edbd21\" data-color=\"#ffffff\">\n                    <a class=\"\" href=\"https:\/\/www.instagram.com\/afonsomacas\/\" target=\"_blank\">\n        \n        <span aria-hidden=\"true\" class=\"qodef-icon-font-elegant social_instagram_circle qodef-icon-element\" style=\"color: #ffffff;font-size:30px\" ><\/span>\n                    <\/a>\n            <\/span>\n\n<\/h3>\n<p>[\/vc_column_text][vc_empty_space height=&#8221;60px&#8221;][\/vc_column][\/vc_row][vc_row content_width=&#8221;grid&#8221; css=&#8221;.vc_custom_1643643472454{background-color: #ecbd20 !important;background-position: center !important;background-repeat: no-repeat !important;background-size: contain !important;}&#8221; el_class=&#8221;bg-image-right&#8221;][vc_column width=&#8221;1\/2&#8243;][vc_empty_space height=&#8221;60px&#8221; el_class=&#8221;mobile-off&#8221;][vc_column_text]<\/p>\n<h1 style=\"color: #007f87; text-align: left; line-height: 40px;\"><span dir=\"auto\" style=\"vertical-align: inherit;\"><span dir=\"auto\" style=\"vertical-align: inherit;\">Pedro Marinho<\/span><\/span><\/h1>\n<p style=\"color: white;\"><strong><span dir=\"auto\" style=\"vertical-align: inherit;\"><span dir=\"auto\" style=\"vertical-align: inherit;\">1988, Ponte de Lima<\/span><\/span><\/strong><\/p>\n<p>[\/vc_column_text][vc_empty_space height=&#8221;20px&#8221;][vc_column_text]<\/p>\n<h3 style=\"color: #ffffff; text-align: left;\">Instrutor de Surf \u2013 N\u00edvel 2<br \/>\nLicenciado em Engenharia Mec\u00e2nica<br \/>\nCertificado em SBV e SBV-DAE<br \/>\nExperi\u00eancia com alunos nacionais e internacionais<br \/>\nAulas seguras e personalizadas<br \/>\nPara iniciantes e surfistas em progress\u00e3o<br \/>\nAprende surf com confian\u00e7a durante as f\u00e9rias em Portugal<\/h3>\n<p>[\/vc_column_text][vc_empty_space height=&#8221;20px&#8221;][vc_column_text]<\/p>\n<h3 style=\"color: #ffffff; text-align: left;\"><span style=\"color: #007f87 !important;\"><strong>Hobbies<\/strong><\/span><br \/>\nDesporto em geral , jiujitsu, viajar, filmes\/series<\/h3>\n<p>[\/vc_column_text][vc_empty_space height=&#8221;20px&#8221;][vc_empty_space][\/vc_column][vc_column width=&#8221;1\/2&#8243; css=&#8221;.vc_custom_1624021442237{background-position: 0 0 !important;background-repeat: no-repeat !important;}&#8221;][vc_empty_space height=&#8221;30px&#8221; el_class=&#8221;mobile-off&#8221;][vc_single_image image=&#8221;4255&#8243; img_size=&#8221;350&#215;350&#8243; alignment=&#8221;right&#8221; style=&#8221;vc_box_circle_2&#8243;][vc_empty_space height=&#8221;60px&#8221; el_class=&#8221;mobile-off&#8221;][\/vc_column][\/vc_row][vc_row content_width=&#8221;grid&#8221; css=&#8221;.vc_custom_1643640556179{background-color: #007f87 !important;background-position: center !important;background-repeat: no-repeat !important;background-size: contain !important;}&#8221; el_class=&#8221;bg-image-right&#8221;][vc_column width=&#8221;1\/2&#8243; css=&#8221;.vc_custom_1624021442237{background-position: 0 0 !important;background-repeat: no-repeat !important;}&#8221;][vc_empty_space height=&#8221;30px&#8221; el_class=&#8221;mobile-off&#8221;][vc_single_image image=&#8221;4264&#8243; img_size=&#8221;350&#215;350&#8243; alignment=&#8221;center&#8221; style=&#8221;vc_box_circle_2&#8243;][vc_empty_space height=&#8221;60px&#8221; el_class=&#8221;mobile-off&#8221;][\/vc_column][vc_column width=&#8221;1\/2&#8243;][vc_empty_space height=&#8221;60px&#8221; el_class=&#8221;mobile-off&#8221;][vc_column_text]<\/p>\n<h1 style=\"color: #edbd21; text-align: left; line-height: 40px;\">S\u00e9rgio Barbosa<\/h1>\n<p style=\"color: white;\"><strong>1996, Paredes<\/strong><\/p>\n<p>[\/vc_column_text][vc_empty_space height=&#8221;20px&#8221;][vc_column_text]<\/p>\n<h3 style=\"color: #ffffff; text-align: left;\">Curso t\u00e9cnico superior de Desporto e Turismo de Natureza. Treinador de surfing certificado pela Federa\u00e7\u00e3o Portuguesa de Surf. Consultor independente de viagens.<\/h3>\n<p>[\/vc_column_text][vc_empty_space height=&#8221;20px&#8221;][vc_column_text]<\/p>\n<h3 style=\"color: #ffffff; text-align: left;\"><span style=\"color: #ecbd20 !important;\"><strong>Hobbies<\/strong><\/span><br \/>\nViagens, Fotografia, V\u00eddeo, Ler<\/h3>\n<p>[\/vc_column_text][vc_empty_space height=&#8221;20px&#8221;][vc_column_text]<\/p>\n<h3 style=\"color: #ffffff; text-align: left;\"><span style=\"color: #ecbd20 !important;\"><strong>Redes sociais<\/strong><\/span><br \/>\n[vc_empty_space height=&#8221;5px&#8221;]<br \/>\n\n    <span class=\"qodef-icon-shortcode normal\" style=\"margin: 4px\" data-hover-color=\"#edbd21\" data-color=\"#ffffff\">\n                    <a class=\"\" href=\"https:\/\/www.instagram.com\/sergiodcb22\/\" target=\"_blank\">\n        \n        <span aria-hidden=\"true\" class=\"qodef-icon-font-elegant social_instagram_circle qodef-icon-element\" style=\"color: #ffffff;font-size:30px\" ><\/span>\n                    <\/a>\n            <\/span>\n\n<\/h3>\n<p>[\/vc_column_text][vc_empty_space height=&#8221;60px&#8221;][\/vc_column][vc_column][\/vc_column][\/vc_row][vc_row content_width=&#8221;grid&#8221; css=&#8221;.vc_custom_1633884083536{background-color: #007f87 !important;background-position: center !important;background-repeat: no-repeat !important;background-size: contain !important;}&#8221; el_class=&#8221;bg-image-right&#8221;][vc_column width=&#8221;1\/2&#8243;][vc_empty_space height=&#8221;50px&#8221;][vc_column_text]<\/p>\n<h1 style=\"color: #edbd21;\">Recebe as \u00faltimas not\u00edcias!<\/h1>\n<p>[\/vc_column_text][vc_column_text]<\/p>\n<h3 style=\"color: #ffffff;\">Subscreve a nossa newsletter e fica a par de tudo o que se passa na Linha de Onda&#8230;<\/h3>\n<p>[\/vc_column_text][vc_empty_space height=&#8221;15px&#8221;]<div class=\"wpforms-container wpforms-container-full\" id=\"wpforms-2979\"><form id=\"wpforms-form-2979\" class=\"wpforms-validate wpforms-form\" data-formid=\"2979\" method=\"post\" enctype=\"multipart\/form-data\" action=\"\/pt-pt\/wp-json\/wp\/v2\/pages\/4006\" data-token=\"d9f565ac6c759abfff9a7b611d6781b9\"><noscript class=\"wpforms-error-noscript\">Please enable JavaScript in your browser to complete this form.<\/noscript><div class=\"wpforms-field-container\"><div id=\"wpforms-2979-field_0-container\" class=\"wpforms-field wpforms-field-name\" data-field-id=\"0\"><div class=\"wpforms-field-row wpforms-field-medium\"><div class=\"wpforms-field-row-block wpforms-first wpforms-one-half\"><input type=\"text\" id=\"wpforms-2979-field_0\" class=\"wpforms-field-name-first wpforms-field-required\" name=\"wpforms[fields][0][first]\" placeholder=\"Name\" required><label for=\"wpforms-2979-field_0\" class=\"wpforms-field-sublabel after wpforms-sublabel-hide\">First<\/label><\/div><div class=\"wpforms-field-row-block wpforms-one-half\"><input type=\"text\" id=\"wpforms-2979-field_0-last\" class=\"wpforms-field-name-last wpforms-field-required\" name=\"wpforms[fields][0][last]\" placeholder=\"Last Name\" required><label for=\"wpforms-2979-field_0-last\" class=\"wpforms-field-sublabel after wpforms-sublabel-hide\">Last<\/label><\/div><\/div><\/div><div id=\"wpforms-2979-field_1-container\" class=\"wpforms-field wpforms-field-email\" data-field-id=\"1\"><label class=\"wpforms-field-label wpforms-label-hide\" for=\"wpforms-2979-field_1\">Email <span class=\"wpforms-required-label\">*<\/span><\/label><input type=\"email\" id=\"wpforms-2979-field_1\" class=\"wpforms-field-medium wpforms-field-required\" name=\"wpforms[fields][1]\" placeholder=\"Email\" spellcheck=\"false\" required><\/div><\/div><!-- .wpforms-field-container --><div class=\"wpforms-recaptcha-container wpforms-is-hcaptcha\" ><div class=\"g-recaptcha\" data-sitekey=\"3805a53a-bb03-416f-a1f8-52272aeb5324\"><\/div><input type=\"text\" name=\"g-recaptcha-hidden\" class=\"wpforms-recaptcha-hidden\" style=\"position:absolute!important;clip:rect(0,0,0,0)!important;height:1px!important;width:1px!important;border:0!important;overflow:hidden!important;padding:0!important;margin:0!important;\" data-rule-hcaptcha=\"1\"><\/div><div class=\"wpforms-submit-container\" ><input type=\"hidden\" name=\"wpforms[id]\" value=\"2979\"><input type=\"hidden\" name=\"wpforms[author]\" value=\"1\"><button type=\"submit\" name=\"wpforms[submit]\" id=\"wpforms-submit-2979\" class=\"wpforms-submit\" data-alt-text=\"Sending...\" data-submit-text=\"Subscribe\" aria-live=\"assertive\" value=\"wpforms-submit\">Subscribe<\/button><\/div><\/form><\/div>  <!-- .wpforms-container -->[vc_empty_space height=&#8221;50px&#8221;][\/vc_column][vc_column width=&#8221;1\/2&#8243; css=&#8221;.vc_custom_1624021442237{background-position: 0 0 !important;background-repeat: no-repeat !important;}&#8221;][vc_empty_space height=&#8221;35px&#8221;][vc_gallery type=&#8221;nivo&#8221; interval=&#8221;3&#8243; images=&#8221;3752,3753,3754,3755&#8243; img_size=&#8221;full&#8221; onclick=&#8221;&#8221;][\/vc_column][\/vc_row]<\/p>\n","protected":false},"excerpt":{"rendered":"<p>[vc_row content_width=&#8221;grid&#8221; css=&#8221;.vc_custom_1643640556179{background-color: #007f87 !important;background-position: center !important;background-repeat: no-repeat !important;background-size: contain !important;}&#8221; el_class=&#8221;bg-image-right&#8221;][vc_column width=&#8221;1\/2&#8243; css=&#8221;.vc_custom_1624021442237{background-position: 0 0 !important;background-repeat: no-repeat !important;}&#8221;][vc_empty_space height=&#8221;30px&#8221; el_class=&#8221;mobile-off&#8221;][vc_single_image image=&#8221;3966&#8243; img_size=&#8221;350&#215;350&#8243; alignment=&#8221;center&#8221; style=&#8221;vc_box_circle_2&#8243;][vc_empty_space height=&#8221;60px&#8221; el_class=&#8221;mobile-off&#8221;][\/vc_column][vc_column width=&#8221;1\/2&#8243;][vc_empty_space height=&#8221;60px&#8221; el_class=&#8221;mobile-off&#8221;][vc_column_text] Manuel Centeno 1980, Porto [\/vc_column_text][vc_empty_space height=&#8221;20px&#8221;][vc_column_text] Licenciado em arquitetura pela Faculdade de Arquitetura da Universidade&#8230;<\/p>\n","protected":false},"author":1,"featured_media":0,"parent":0,"menu_order":0,"comment_status":"closed","ping_status":"closed","template":"full-width.php","meta":{"om_disable_all_campaigns":false,"footnotes":""},"class_list":["post-4006","page","type-page","status-publish","hentry"],"_links":{"self":[{"href":"https:\/\/linhadeonda.pt\/pt-pt\/wp-json\/wp\/v2\/pages\/4006","targetHints":{"allow":["GET"]}}],"collection":[{"href":"https:\/\/linhadeonda.pt\/pt-pt\/wp-json\/wp\/v2\/pages"}],"about":[{"href":"https:\/\/linhadeonda.pt\/pt-pt\/wp-json\/wp\/v2\/types\/page"}],"author":[{"embeddable":true,"href":"https:\/\/linhadeonda.pt\/pt-pt\/wp-json\/wp\/v2\/users\/1"}],"replies":[{"embeddable":true,"href":"https:\/\/linhadeonda.pt\/pt-pt\/wp-json\/wp\/v2\/comments?post=4006"}],"version-history":[{"count":20,"href":"https:\/\/linhadeonda.pt\/pt-pt\/wp-json\/wp\/v2\/pages\/4006\/revisions"}],"predecessor-version":[{"id":4030,"href":"https:\/\/linhadeonda.pt\/pt-pt\/wp-json\/wp\/v2\/pages\/4006\/revisions\/4030"}],"wp:attachment":[{"href":"https:\/\/linhadeonda.pt\/pt-pt\/wp-json\/wp\/v2\/media?parent=4006"}],"curies":[{"name":"wp","href":"https:\/\/api.w.org\/{rel}","templated":true}]}}